{"id":35,"date":"2025-03-18T01:00:58","date_gmt":"2025-03-18T05:00:58","guid":{"rendered":"http:\/\/implantquiz.wpengine.com\/?page_id=35"},"modified":"2025-12-16T11:50:16","modified_gmt":"2025-12-16T16:50:16","slug":"contactenos","status":"publish","type":"page","link":"https:\/\/www.aestheticdental.com\/es\/contact-us\/","title":{"rendered":"Cont\u00e1ctenos"},"content":{"rendered":"<div class=\"row row-collapse row-full-width\"  id=\"row-468554739\">\n\n\t<div id=\"col-1976315070\" class=\"col small-12 large-12\"  >\n\t\t\t\t<div class=\"col-inner\"  >\n\t\t\t\n\t\t\t\n\n\t<section class=\"section\" id=\"section_1720074039\">\n\t\t<div class=\"section-bg fill\" >\n\t\t\t<img loading=\"lazy\" decoding=\"async\" width=\"2000\" height=\"1138\" src=\"https:\/\/www.aestheticdental.com\/wp-content\/uploads\/2025\/09\/AK8A1613.jpg\" class=\"bg attachment-original size-original\" alt=\"Acerca de nosotros\" \/>\t\t\t\t\t\t\n\t\t\t\n\n\t\t<\/div>\n\n\t\t\n\n\t\t<div class=\"section-content relative\">\n\t\t\t\n<div class=\"row row-collapse align-center\" style=\"max-width:\" id=\"row-2146540641\">\n\n\t<div id=\"col-2146743610\" class=\"col small-12 large-12\"  >\n\t\t\t\t<div class=\"col-inner text-center text-shadow-5 dark\"  >\n\t\t\t\n\t\t\t\n\t\t<\/div>\n\t\t\t\t\n<style>\n#col-2146743610 > .col-inner {\n  padding: 20px 20px 20px 0px;\n}\n@media (min-width:550px) {\n  #col-2146743610 > .col-inner {\n    padding: 60px 0px 60px 0px;\n  }\n}\n@media (min-width:850px) {\n  #col-2146743610 > .col-inner {\n    padding: 100px 0px 200px 0px;\n  }\n}\n<\/style>\n\t<\/div>\n\n\t\n<\/div>\n\t\t<\/div>\n\n\t\t\n<style>\n#section_1720074039 {\n  padding-top: 30px;\n  padding-bottom: 30px;\n  min-height: 0px;\n}\n#section_1720074039 .section-bg img {\n  object-position: 54% 12%;\n}\n@media (min-width:550px) {\n  #section_1720074039 {\n    padding-top: 30px;\n    padding-bottom: 30px;\n  }\n}\n@media (min-width:850px) {\n  #section_1720074039 {\n    padding-top: 80px;\n    padding-bottom: 80px;\n  }\n}\n<\/style>\n\t<\/section>\n\t\n\t\t<\/div>\n\t\t\t\t\t<\/div>\n\n\t\n<\/div>\n<div class=\"row row-large\" style=\"max-width:1400px\" id=\"row-763805990\">\n\n\t<div id=\"col-735071242\" class=\"col small-12 large-12\"  >\n\t\t\t\t<div class=\"col-inner\" style=\"background-color:rgb(249, 249, 249);\" >\n\t\t\t\n\t\t\t\n\t<div id=\"text-1848215419\" class=\"text\">\n\t\t\n<h1><span style=\"font-size: 100%;\">Contacte con Aesthetic Dental<\/span><\/h1>\n\t\t\n<style>\n#text-1848215419 {\n  font-size: 0.75rem;\n  text-align: center;\n}\n@media (min-width:550px) {\n  #text-1848215419 {\n    font-size: 0.9rem;\n  }\n}\n@media (min-width:850px) {\n  #text-1848215419 {\n    font-size: 2rem;\n  }\n}\n<\/style>\n\t<\/div>\n\t\n<div class=\"row row-collapse row-full-width\"  id=\"row-2026765807\">\n\n\t<div id=\"col-47613966\" class=\"col medium-12 small-12 large-7\"  >\n\t\t\t\t<div class=\"col-inner\"  >\n\t\t\t\n\t\t\t\n\t<div id=\"gap-1405224356\" class=\"gap-element clearfix\" style=\"display:block; height:auto;\">\n\t\t\n<style>\n#gap-1405224356 {\n  padding-top: 20px;\n}\n@media (min-width:550px) {\n  #gap-1405224356 {\n    padding-top: 20px;\n  }\n}\n@media (min-width:850px) {\n  #gap-1405224356 {\n    padding-top: 30px;\n  }\n}\n<\/style>\n\t<\/div>\n\t\n<div class=\"row\"  id=\"row-1268654390\">\n\n\t<div id=\"col-1959077479\" class=\"col medium-6 small-12 large-6\"  >\n\t\t\t\t<div class=\"col-inner\"  >\n\t\t\t\n\t\t\t\n\t<div class=\"img has-hover x md-x lg-x y md-y lg-y\" id=\"image_1362937209\">\n\t\t\t\t\t\t\t\t<div class=\"img-inner dark\" >\n\t\t\t\t\t\t\t\t\t\n\t\t\t\t\t<\/div>\n\t\t\t\t\t\t\t\t\n<style>\n#image_1362937209 {\n  width: 15%;\n}\n@media (min-width:550px) {\n  #image_1362937209 {\n    width: 20%;\n  }\n}\n<\/style>\n\t<\/div>\n\t\n<h3 class=\"uppercase\"><span style=\"text-decoration: underline;\" data-text-color=\"primary\">tel\u00e9fono<\/span><\/h3>\n<p><span style=\"font-size: 160%;\"><strong>(248) 358-4000<\/strong><\/span><\/p>\n<h3 class=\"uppercase\"><span style=\"text-decoration: underline; font-size: 100%;\" data-text-color=\"primary\">Direcci\u00f3n<\/span><\/h3>\n<p><a href=\"https:\/\/maps.app.goo.gl\/9uyRPDCjsC5GQ7Z2A\"><span style=\"font-size: 160%;\"><strong>21500 W Eleven Mile Rd<br \/>Southfield, M\u00edchigan 48076<\/strong><\/span><\/a><br \/>\n<span style=\"font-size: 160%;\"><a href=\"\/\/a.gotoloc.com\/uber\/FHIgR6KAXWATqg\"><img decoding=\"async\" src=\"\/\/a.mktgcdn.com\/uber\/button.png\" alt=\"Ve all\u00ed con Uber.\" \/><\/a><\/p>\n\t<div class=\"img has-hover x md-x lg-x y md-y lg-y\" id=\"image_1358721159\">\n\t\t\t\t\t\t\t\t<div class=\"img-inner dark\" >\n\t\t\t\t\t\t\t\t\t\n\t\t\t\t\t<\/div>\n\t\t\t\t\t\t\t\t\n<style>\n#image_1358721159 {\n  width: 15%;\n}\n@media (min-width:550px) {\n  #image_1358721159 {\n    width: 20%;\n  }\n}\n<\/style>\n\t<\/div>\n\t\n\t\t<\/div>\n\t\t\t\t\t<\/div>\n\n\t\n\n\t<div id=\"col-1876342704\" class=\"col medium-5 small-12 large-6\"  >\n\t\t\t\t<div class=\"col-inner\"  >\n\t\t\t\n\t\t\t\n\t<div class=\"img has-hover x md-x lg-x y md-y lg-y\" id=\"image_765657493\">\n\t\t\t\t\t\t\t\t<div class=\"img-inner dark\" >\n\t\t\t\t\t\t\t\t\t\n\t\t\t\t\t<\/div>\n\t\t\t\t\t\t\t\t\n<style>\n#image_765657493 {\n  width: 15%;\n}\n@media (min-width:550px) {\n  #image_765657493 {\n    width: 20%;\n  }\n}\n<\/style>\n\t<\/div>\n\t\n\t<div id=\"text-1850576962\" class=\"text\">\n\t\t\n<h3 class=\"uppercase\"><span style=\"text-decoration: underline;\" data-text-color=\"primary\">Horario<\/span><\/h3>\n<ul>\n<li class=\"bullet-arrow\"><span style=\"font-size: 160%;\"><strong>Lunes: 8:00 a. m. \u2013 5:00 p. m.<\/strong><\/span><\/li>\n<li class=\"bullet-arrow\"><span style=\"font-size: 160%;\"><strong>Martes: 8:00 a. m. \u2013 5:00 p. m.<\/strong><\/span><\/li>\n<li class=\"bullet-arrow\"><span style=\"font-size: 160%;\"><strong>Mi\u00e9rcoles: 8:00 a. m. \u2013 5:00 p. m.<\/strong><\/span><\/li>\n<li class=\"bullet-arrow\"><span style=\"font-size: 160%;\"><strong>Jueves: 8:00 a. m. \u2013 5:00 p. m.<\/strong><\/span><\/li>\n<li class=\"bullet-arrow\"><span style=\"font-size: 160%;\"><strong>Viernes: CERRADO<\/strong><\/span><\/li>\n<li class=\"bullet-arrow\"><span style=\"font-size: 160%;\"><strong>S\u00e1bado: CERRADO<\/strong><\/span><\/li>\n<li class=\"bullet-arrow\"><span style=\"font-size: 160%;\"><strong>Domingo: CERRADO<\/strong><\/span><\/li>\n<\/ul>\n\t\t\n<style>\n#text-1850576962 {\n  font-size: 1rem;\n}\n<\/style>\n\t<\/div>\n\t\n\t\t<\/div>\n\t\t\t\t\t<\/div>\n\n\t\n<\/div>\n\t\t<\/div>\n\t\t\t\t\n<style>\n#col-47613966 > .col-inner {\n  padding: 0px 0px 0px 20px;\n}\n<\/style>\n\t<\/div>\n\n\t\n\n\t<div id=\"col-1094524226\" class=\"col medium-12 small-12 large-5\"  >\n\t\t\t\t<div class=\"col-inner dark\" style=\"background-color:rgb(0,0,0);\" >\n\t\t\t\n\t\t\t\n\t<div id=\"gap-1718186246\" class=\"gap-element clearfix\" style=\"display:block; height:auto;\">\n\t\t\n<style>\n#gap-1718186246 {\n  padding-top: 30px;\n}\n<\/style>\n\t<\/div>\n\t\n\n<div class=\"wpcf7 no-js\" id=\"wpcf7-f9-o1\" lang=\"en-US\" dir=\"ltr\" data-wpcf7-id=\"9\">\n<div class=\"screen-reader-response\"><p role=\"status\" aria-live=\"polite\" aria-atomic=\"true\"><\/p> <ul><\/ul><\/div>\n<form action=\"\/es\/wp-json\/wp\/v2\/pages\/35#wpcf7-f9-o1\" method=\"post\" class=\"wpcf7-form init cf7mls-no-scroll cf7mls-no-moving-animation\" aria-label=\"Formulario de contacto\" novalidate=\"novalidate\" data-status=\"init\" data-trp-original-action=\"\/es\/wp-json\/wp\/v2\/pages\/35#wpcf7-f9-o1\">\n<fieldset class=\"hidden-fields-container\"><input type=\"hidden\" name=\"_wpcf7\" value=\"9\" \/><input type=\"hidden\" name=\"_wpcf7_version\" value=\"6.1.5\" \/><input type=\"hidden\" name=\"_wpcf7_locale\" value=\"en_US\" \/><input type=\"hidden\" name=\"_wpcf7_unit_tag\" value=\"wpcf7-f9-o1\" \/><input type=\"hidden\" name=\"_wpcf7_container_post\" value=\"0\" \/><input type=\"hidden\" name=\"_wpcf7_posted_data_hash\" value=\"\" \/><input type=\"hidden\" name=\"_wpcf7cf_hidden_group_fields\" value=\"[]\" \/><input type=\"hidden\" name=\"_wpcf7cf_hidden_groups\" value=\"[]\" \/><input type=\"hidden\" name=\"_wpcf7cf_visible_groups\" value=\"[]\" \/><input type=\"hidden\" name=\"_wpcf7cf_repeaters\" value=\"[]\" \/><input type=\"hidden\" name=\"_wpcf7cf_steps\" value=\"{}\" \/><input type=\"hidden\" name=\"_wpcf7cf_options\" value=\"{&quot;form_id&quot;:9,&quot;conditions&quot;:[],&quot;settings&quot;:{&quot;animation&quot;:&quot;yes&quot;,&quot;animation_intime&quot;:200,&quot;animation_outtime&quot;:200,&quot;conditions_ui&quot;:&quot;normal&quot;,&quot;notice_dismissed&quot;:false}}\" \/>\n<\/fieldset>\n<center>\n\t<h3>SOLICITAR UNA CITA\n\t<\/h3>\n<\/center>\n<hr \/>\n<center>\n\t<p><span class=\"wpcf7-form-control-wrap\" data-name=\"your-name\"><input size=\"40\" maxlength=\"400\" class=\"wpcf7-form-control wpcf7-text wpcf7-validates-as-required\" aria-required=\"true\" aria-invalid=\"false\" placeholder=\"Nombre\" value=\"\" type=\"text\" name=\"your-name\" \/><\/span>\n\t<\/p>\n\t<p><span class=\"wpcf7-form-control-wrap\" data-name=\"your-email\"><input size=\"40\" maxlength=\"400\" class=\"wpcf7-form-control wpcf7-email wpcf7-validates-as-required wpcf7-text wpcf7-validates-as-email\" aria-required=\"true\" aria-invalid=\"false\" placeholder=\"Correo electr\u00f3nico\" value=\"\" type=\"email\" name=\"your-email\" \/><\/span>\n\t<\/p>\n\t<p><span class=\"wpcf7-form-control-wrap\" data-name=\"tel-545\"><input size=\"40\" maxlength=\"400\" class=\"wpcf7-form-control wpcf7-tel wpcf7-text wpcf7-validates-as-tel\" aria-invalid=\"false\" placeholder=\"N\u00famero de tel\u00e9fono\" value=\"\" type=\"tel\" name=\"tel-545\" \/><\/span>\n\t<\/p>\n\t<p><span class=\"wpcf7-form-control-wrap\" data-name=\"your-message\"><textarea cols=\"40\" rows=\"10\" maxlength=\"2000\" class=\"wpcf7-form-control wpcf7-textarea\" aria-invalid=\"false\" placeholder=\"\u00bfC\u00f3mo podemos ayudarle?\" name=\"your-message\"><\/textarea><\/span>\n\t<\/p>\n\t<p><input class=\"wpcf7-form-control wpcf7-submit has-spinner button\" type=\"submit\" value=\"Enviar solicitud\" \/>\n\t<\/p>\n<\/center><input\n                    class=\"apbct_special_field apbct_email_id__wp_contact_form_7\"\n                    name=\"apbct__email_id__wp_contact_form_7\"\n                    aria-label=\"apbct__label_id__wp_contact_form_7\"\n                    type=\"text\" size=\"30\" maxlength=\"200\" autocomplete=\"off\"\n                    value=\"\"\n                \/><div class=\"wpcf7-response-output\" aria-hidden=\"true\"><\/div>\n<input type=\"hidden\" name=\"trp-form-language\" value=\"es\"\/><\/form>\n<\/div>\n\n\t\t<\/div>\n\t\t\t\t\t<\/div>\n\n\t\n\n<style>\n#row-2026765807 > .col > .col-inner {\n  padding: 0px 15px 0px 15px;\n}\n<\/style>\n<\/div>\n\t\t<\/div>\n\t\t\t\t\n<style>\n#col-735071242 > .col-inner {\n  padding: 50px 20px 0px 20px;\n  margin: -0 0px 0px 0px;\n}\n@media (min-width:550px) {\n  #col-735071242 > .col-inner {\n    padding: 50px 20px 30px 20px;\n    margin: 0 0px 0px 0px;\n  }\n}\n@media (min-width:850px) {\n  #col-735071242 > .col-inner {\n    padding: 30px 5% 16px 5%;\n    margin: -135px 0px 0px 0px;\n  }\n}\n<\/style>\n\t<\/div>\n\n\t\n<\/div>\n<div class=\"row row-collapse row-full-width\"  id=\"row-641634246\">\n\n\t<div id=\"col-500137887\" class=\"col small-12 large-12\"  >\n\t\t\t\t<div class=\"col-inner\"  >\n\t\t\t\n\t\t\t\n\n<p><iframe loading=\"lazy\" style=\"border: 0;\" src=\"https:\/\/www.google.com\/maps\/embed?pb=!1m18!1m12!1m3!1d5884.383144145462!2d-83.25914722351659!3d42.48747972704145!2m3!1f0!2f0!3f0!3m2!1i1024!2i768!4f13.1!3m3!1m2!1s0x8824b7ddd2921b75%3A0x517ad67229d52501!2sAesthetic%20Dental!5e0!3m2!1sen!2sus!4v1759123241931!5m2!1sen!2sus\" width=\"100%\" height=\"450\" allowfullscreen=\"allowfullscreen\"><\/iframe><br \/>\n\n\t\t<\/div>\n\t\t\t\t\t<\/div>\n\n\t\n<\/div>","protected":false},"excerpt":{"rendered":"","protected":false},"author":4,"featured_media":673,"parent":0,"menu_order":0,"comment_status":"closed","ping_status":"closed","template":"page-blank.php","meta":{"rop_custom_images_group":[],"rop_custom_messages_group":[],"rop_publish_now":"initial","rop_publish_now_accounts":{"gmb_109265489736877664202_accounts\/109265489736877664202\/locations\/16295114870047390508":""},"rop_publish_now_history":[],"rop_publish_now_status":"pending","footnotes":""},"class_list":["post-35","page","type-page","status-publish","has-post-thumbnail","hentry"],"yoast_head":"<!-- This site is optimized with the Yoast SEO plugin v27.4 - https:\/\/yoast.com\/product\/yoast-seo-wordpress\/ -->\n<title>Contact Aesthetic Dental in Southfield, MI | Free Consultation<\/title>\n<meta name=\"description\" content=\"Contact Aesthetic Dental to arrange a free consultation with Dr. Diane Hines and Dr. David Seluk for affordable cosmetic &amp; implant dentistry.\" \/>\n<meta name=\"robots\" content=\"index, follow, max-snippet:-1, max-image-preview:large, max-video-preview:-1\" \/>\n<link rel=\"canonical\" href=\"https:\/\/www.aestheticdental.com\/es\/contactenos\/\" \/>\n<meta property=\"og:locale\" content=\"es_MX\" \/>\n<meta property=\"og:type\" content=\"article\" \/>\n<meta property=\"og:title\" content=\"Contact Aesthetic Dental in Southfield, MI | Free Consultation\" \/>\n<meta property=\"og:description\" content=\"Contact Aesthetic Dental to arrange a free consultation with Dr. Diane Hines and Dr. David Seluk for affordable cosmetic &amp; implant dentistry.\" \/>\n<meta property=\"og:url\" content=\"https:\/\/www.aestheticdental.com\/es\/contactenos\/\" \/>\n<meta property=\"og:site_name\" content=\"Aesthetic Dental\" \/>\n<meta property=\"article:modified_time\" content=\"2025-12-16T16:50:16+00:00\" \/>\n<meta property=\"og:image\" content=\"https:\/\/www.aestheticdental.com\/wp-content\/uploads\/2025\/09\/AK8A1503-1165x800.jpg\" \/>\n\t<meta property=\"og:image:width\" content=\"1165\" \/>\n\t<meta property=\"og:image:height\" content=\"800\" \/>\n\t<meta property=\"og:image:type\" content=\"image\/jpeg\" \/>\n<meta name=\"twitter:card\" content=\"summary_large_image\" \/>\n<meta name=\"twitter:label1\" content=\"Est. reading time\" \/>\n\t<meta name=\"twitter:data1\" content=\"2 minutos\" \/>\n<script type=\"application\/ld+json\" class=\"yoast-schema-graph\">{\"@context\":\"https:\\\/\\\/schema.org\",\"@graph\":[{\"@type\":\"WebPage\",\"@id\":\"https:\\\/\\\/www.aestheticdental.com\\\/contact-us\\\/\",\"url\":\"https:\\\/\\\/www.aestheticdental.com\\\/contact-us\\\/\",\"name\":\"Contact Aesthetic Dental in Southfield, MI | Free Consultation\",\"isPartOf\":{\"@id\":\"https:\\\/\\\/www.aestheticdental.com\\\/#website\"},\"primaryImageOfPage\":{\"@id\":\"https:\\\/\\\/www.aestheticdental.com\\\/contact-us\\\/#primaryimage\"},\"image\":{\"@id\":\"https:\\\/\\\/www.aestheticdental.com\\\/contact-us\\\/#primaryimage\"},\"thumbnailUrl\":\"https:\\\/\\\/www.aestheticdental.com\\\/wp-content\\\/uploads\\\/2025\\\/09\\\/AK8A1503.jpg\",\"datePublished\":\"2025-03-18T05:00:58+00:00\",\"dateModified\":\"2025-12-16T16:50:16+00:00\",\"description\":\"Contact Aesthetic Dental to arrange a free consultation with Dr. Diane Hines and Dr. David Seluk for affordable cosmetic & implant dentistry.\",\"breadcrumb\":{\"@id\":\"https:\\\/\\\/www.aestheticdental.com\\\/contact-us\\\/#breadcrumb\"},\"inLanguage\":\"es\",\"potentialAction\":[{\"@type\":\"ReadAction\",\"target\":[\"https:\\\/\\\/www.aestheticdental.com\\\/contact-us\\\/\"]}]},{\"@type\":\"ImageObject\",\"inLanguage\":\"es\",\"@id\":\"https:\\\/\\\/www.aestheticdental.com\\\/contact-us\\\/#primaryimage\",\"url\":\"https:\\\/\\\/www.aestheticdental.com\\\/wp-content\\\/uploads\\\/2025\\\/09\\\/AK8A1503.jpg\",\"contentUrl\":\"https:\\\/\\\/www.aestheticdental.com\\\/wp-content\\\/uploads\\\/2025\\\/09\\\/AK8A1503.jpg\",\"width\":2000,\"height\":1373,\"caption\":\"Contact Aesthetic Dental in Southfield, MI | Free Consultation\"},{\"@type\":\"BreadcrumbList\",\"@id\":\"https:\\\/\\\/www.aestheticdental.com\\\/contact-us\\\/#breadcrumb\",\"itemListElement\":[{\"@type\":\"ListItem\",\"position\":1,\"name\":\"Home\",\"item\":\"https:\\\/\\\/www.aestheticdental.com\\\/\"},{\"@type\":\"ListItem\",\"position\":2,\"name\":\"Contact Us\"}]},{\"@type\":\"WebSite\",\"@id\":\"https:\\\/\\\/www.aestheticdental.com\\\/#website\",\"url\":\"https:\\\/\\\/www.aestheticdental.com\\\/\",\"name\":\"Aesthetic Dental | General, Cosmetic & Implant Dentistry in Southfield, MI\",\"description\":\"General, Cosmetic &amp; Implant Dentistry in Southfield, MI\",\"publisher\":{\"@id\":\"https:\\\/\\\/www.aestheticdental.com\\\/#organization\"},\"potentialAction\":[{\"@type\":\"SearchAction\",\"target\":{\"@type\":\"EntryPoint\",\"urlTemplate\":\"https:\\\/\\\/www.aestheticdental.com\\\/?s={search_term_string}\"},\"query-input\":{\"@type\":\"PropertyValueSpecification\",\"valueRequired\":true,\"valueName\":\"search_term_string\"}}],\"inLanguage\":\"es\"},{\"@type\":\"Organization\",\"@id\":\"https:\\\/\\\/www.aestheticdental.com\\\/#organization\",\"name\":\"Aesthetic Dental | General, Cosmetic & Implant Dentistry in Southfield, MI\",\"url\":\"https:\\\/\\\/www.aestheticdental.com\\\/\",\"logo\":{\"@type\":\"ImageObject\",\"inLanguage\":\"es\",\"@id\":\"https:\\\/\\\/www.aestheticdental.com\\\/#\\\/schema\\\/logo\\\/image\\\/\",\"url\":\"https:\\\/\\\/www.aestheticdental.com\\\/wp-content\\\/uploads\\\/2025\\\/10\\\/Aesthetic-Dental-Square-Logo.jpg\",\"contentUrl\":\"https:\\\/\\\/www.aestheticdental.com\\\/wp-content\\\/uploads\\\/2025\\\/10\\\/Aesthetic-Dental-Square-Logo.jpg\",\"width\":1000,\"height\":1000,\"caption\":\"Aesthetic Dental | General, Cosmetic & Implant Dentistry in Southfield, MI\"},\"image\":{\"@id\":\"https:\\\/\\\/www.aestheticdental.com\\\/#\\\/schema\\\/logo\\\/image\\\/\"}}]}<\/script>\n<!-- \/ Yoast SEO plugin. -->","yoast_head_json":{"title":"P\u00f3ngase en contacto con Aesthetic Dental en Southfield, M\u00edchigan | Consulta gratuita","description":"P\u00f3ngase en contacto con Aesthetic Dental para concertar una consulta gratuita con la Dra. Diane Hines y el Dr. David Seluk y obtener informaci\u00f3n sobre tratamientos de odontolog\u00eda est\u00e9tica e implantes dentales a precios asequibles.","robots":{"index":"index","follow":"follow","max-snippet":"max-snippet:-1","max-image-preview":"max-image-preview:large","max-video-preview":"max-video-preview:-1"},"canonical":"https:\/\/www.aestheticdental.com\/es\/contactenos\/","og_locale":"es_MX","og_type":"article","og_title":"Contact Aesthetic Dental in Southfield, MI | Free Consultation","og_description":"Contact Aesthetic Dental to arrange a free consultation with Dr. Diane Hines and Dr. David Seluk for affordable cosmetic & implant dentistry.","og_url":"https:\/\/www.aestheticdental.com\/es\/contactenos\/","og_site_name":"Aesthetic Dental","article_modified_time":"2025-12-16T16:50:16+00:00","og_image":[{"width":1165,"height":800,"url":"https:\/\/www.aestheticdental.com\/wp-content\/uploads\/2025\/09\/AK8A1503-1165x800.jpg","type":"image\/jpeg"}],"twitter_card":"summary_large_image","twitter_misc":{"Est. reading time":"2 minutos"},"schema":{"@context":"https:\/\/schema.org","@graph":[{"@type":"WebPage","@id":"https:\/\/www.aestheticdental.com\/contact-us\/","url":"https:\/\/www.aestheticdental.com\/contact-us\/","name":"P\u00f3ngase en contacto con Aesthetic Dental en Southfield, M\u00edchigan | Consulta gratuita","isPartOf":{"@id":"https:\/\/www.aestheticdental.com\/#website"},"primaryImageOfPage":{"@id":"https:\/\/www.aestheticdental.com\/contact-us\/#primaryimage"},"image":{"@id":"https:\/\/www.aestheticdental.com\/contact-us\/#primaryimage"},"thumbnailUrl":"https:\/\/www.aestheticdental.com\/wp-content\/uploads\/2025\/09\/AK8A1503.jpg","datePublished":"2025-03-18T05:00:58+00:00","dateModified":"2025-12-16T16:50:16+00:00","description":"P\u00f3ngase en contacto con Aesthetic Dental para concertar una consulta gratuita con la Dra. Diane Hines y el Dr. David Seluk y obtener informaci\u00f3n sobre tratamientos de odontolog\u00eda est\u00e9tica e implantes dentales a precios asequibles.","breadcrumb":{"@id":"https:\/\/www.aestheticdental.com\/contact-us\/#breadcrumb"},"inLanguage":"es","potentialAction":[{"@type":"ReadAction","target":["https:\/\/www.aestheticdental.com\/contact-us\/"]}]},{"@type":"ImageObject","inLanguage":"es","@id":"https:\/\/www.aestheticdental.com\/contact-us\/#primaryimage","url":"https:\/\/www.aestheticdental.com\/wp-content\/uploads\/2025\/09\/AK8A1503.jpg","contentUrl":"https:\/\/www.aestheticdental.com\/wp-content\/uploads\/2025\/09\/AK8A1503.jpg","width":2000,"height":1373,"caption":"Contact Aesthetic Dental in Southfield, MI | Free Consultation"},{"@type":"BreadcrumbList","@id":"https:\/\/www.aestheticdental.com\/contact-us\/#breadcrumb","itemListElement":[{"@type":"ListItem","position":1,"name":"Home","item":"https:\/\/www.aestheticdental.com\/"},{"@type":"ListItem","position":2,"name":"Contact Us"}]},{"@type":"WebSite","@id":"https:\/\/www.aestheticdental.com\/#website","url":"https:\/\/www.aestheticdental.com\/","name":"Odontolog\u00eda est\u00e9tica | Odontolog\u00eda general, cosm\u00e9tica e implantes dentales en Southfield, M\u00edchigan","description":"Odontolog\u00eda general, cosm\u00e9tica e implantes dentales en Southfield, M\u00edchigan","publisher":{"@id":"https:\/\/www.aestheticdental.com\/#organization"},"potentialAction":[{"@type":"SearchAction","target":{"@type":"EntryPoint","urlTemplate":"https:\/\/www.aestheticdental.com\/?s={search_term_string}"},"query-input":{"@type":"PropertyValueSpecification","valueRequired":true,"valueName":"search_term_string"}}],"inLanguage":"es"},{"@type":"Organization","@id":"https:\/\/www.aestheticdental.com\/#organization","name":"Odontolog\u00eda est\u00e9tica | Odontolog\u00eda general, cosm\u00e9tica e implantes dentales en Southfield, M\u00edchigan","url":"https:\/\/www.aestheticdental.com\/","logo":{"@type":"ImageObject","inLanguage":"es","@id":"https:\/\/www.aestheticdental.com\/#\/schema\/logo\/image\/","url":"https:\/\/www.aestheticdental.com\/wp-content\/uploads\/2025\/10\/Aesthetic-Dental-Square-Logo.jpg","contentUrl":"https:\/\/www.aestheticdental.com\/wp-content\/uploads\/2025\/10\/Aesthetic-Dental-Square-Logo.jpg","width":1000,"height":1000,"caption":"Aesthetic Dental | General, Cosmetic & Implant Dentistry in Southfield, MI"},"image":{"@id":"https:\/\/www.aestheticdental.com\/#\/schema\/logo\/image\/"}}]}},"_links":{"self":[{"href":"https:\/\/www.aestheticdental.com\/es\/wp-json\/wp\/v2\/pages\/35","targetHints":{"allow":["GET"]}}],"collection":[{"href":"https:\/\/www.aestheticdental.com\/es\/wp-json\/wp\/v2\/pages"}],"about":[{"href":"https:\/\/www.aestheticdental.com\/es\/wp-json\/wp\/v2\/types\/page"}],"author":[{"embeddable":true,"href":"https:\/\/www.aestheticdental.com\/es\/wp-json\/wp\/v2\/users\/4"}],"replies":[{"embeddable":true,"href":"https:\/\/www.aestheticdental.com\/es\/wp-json\/wp\/v2\/comments?post=35"}],"version-history":[{"count":0,"href":"https:\/\/www.aestheticdental.com\/es\/wp-json\/wp\/v2\/pages\/35\/revisions"}],"wp:featuredmedia":[{"embeddable":true,"href":"https:\/\/www.aestheticdental.com\/es\/wp-json\/wp\/v2\/media\/673"}],"wp:attachment":[{"href":"https:\/\/www.aestheticdental.com\/es\/wp-json\/wp\/v2\/media?parent=35"}],"curies":[{"name":"wp","href":"https:\/\/api.w.org\/{rel}","templated":true}]}}