{"id":314,"date":"2025-03-18T16:05:06","date_gmt":"2025-03-18T20:05:06","guid":{"rendered":"https:\/\/implantquiz.wpengine.com\/?page_id=314"},"modified":"2025-03-23T22:37:22","modified_gmt":"2025-03-24T02:37:22","slug":"gracias","status":"publish","type":"page","link":"https:\/\/www.aestheticdental.com\/es\/thank-you\/","title":{"rendered":"Gracias"},"content":{"rendered":"<h1 style=\"text-align: center;\">Gracias por contactarnos.<\/h1>\n<p class=\"lead\" style=\"text-align: center;\">Hemos recibido su solicitud y nos pondremos en contacto con usted lo antes posible.<\/p>\n<p class=\"lead\" style=\"text-align: center;\" data-ctm-watch-id=\"3\" data-ctm-tracked=\"1\" data-observe=\"1\" data-observer-id=\"1\" data-ctm-remark=\"1\">Si necesita ayuda inmediata, llame a la oficina para hablar con alguien ahora mismo.<\/p>\n<p class=\"lead\" style=\"text-align: center;\">\u00a1Esperamos poder hacerte sonre\u00edr!<\/p>","protected":false},"excerpt":{"rendered":"<p>Gracias por contactarnos. Hemos recibido su mensaje y nos comunicaremos con usted lo antes posible. Si necesita ayuda inmediata, llame a la oficina para hablar con alguien ahora mismo. \u00a1Esperamos poder hacerle sonre\u00edr!<\/p>","protected":false},"author":4,"featured_media":0,"parent":0,"menu_order":0,"comment_status":"closed","ping_status":"closed","template":"","meta":{"rop_custom_images_group":[],"rop_custom_messages_group":[],"rop_publish_now":"initial","rop_publish_now_accounts":{"gmb_109265489736877664202_accounts\/109265489736877664202\/locations\/16295114870047390508":""},"rop_publish_now_history":[],"rop_publish_now_status":"pending","footnotes":""},"class_list":["post-314","page","type-page","status-publish","hentry"],"yoast_head":"<!-- This site is optimized with the Yoast SEO plugin v27.4 - https:\/\/yoast.com\/product\/yoast-seo-wordpress\/ -->\n<title>Thank You | Aesthetic Dental<\/title>\n<meta name=\"robots\" content=\"index, follow, max-snippet:-1, max-image-preview:large, max-video-preview:-1\" \/>\n<link rel=\"canonical\" href=\"https:\/\/www.aestheticdental.com\/es\/gracias\/\" \/>\n<meta property=\"og:locale\" content=\"es_MX\" \/>\n<meta property=\"og:type\" content=\"article\" \/>\n<meta property=\"og:title\" content=\"Thank You | Aesthetic Dental\" \/>\n<meta property=\"og:description\" content=\"Thank you for contacting us We have received your submission and will contact you as soon as possible. If you require immediate assistance, please call the office to speak with someone now. We look forward to putting a smile on your face!\" \/>\n<meta property=\"og:url\" content=\"https:\/\/www.aestheticdental.com\/es\/gracias\/\" \/>\n<meta property=\"og:site_name\" content=\"Aesthetic Dental\" \/>\n<meta property=\"article:modified_time\" content=\"2025-03-24T02:37:22+00:00\" \/>\n<meta name=\"twitter:card\" content=\"summary_large_image\" \/>\n<meta name=\"twitter:label1\" content=\"Est. reading time\" \/>\n\t<meta name=\"twitter:data1\" content=\"1 minuto\" \/>\n<script type=\"application\/ld+json\" class=\"yoast-schema-graph\">{\"@context\":\"https:\\\/\\\/schema.org\",\"@graph\":[{\"@type\":\"WebPage\",\"@id\":\"https:\\\/\\\/www.aestheticdental.com\\\/thank-you\\\/\",\"url\":\"https:\\\/\\\/www.aestheticdental.com\\\/thank-you\\\/\",\"name\":\"Thank You | Aesthetic Dental\",\"isPartOf\":{\"@id\":\"https:\\\/\\\/www.aestheticdental.com\\\/#website\"},\"datePublished\":\"2025-03-18T20:05:06+00:00\",\"dateModified\":\"2025-03-24T02:37:22+00:00\",\"breadcrumb\":{\"@id\":\"https:\\\/\\\/www.aestheticdental.com\\\/thank-you\\\/#breadcrumb\"},\"inLanguage\":\"es\",\"potentialAction\":[{\"@type\":\"ReadAction\",\"target\":[\"https:\\\/\\\/www.aestheticdental.com\\\/thank-you\\\/\"]}]},{\"@type\":\"BreadcrumbList\",\"@id\":\"https:\\\/\\\/www.aestheticdental.com\\\/thank-you\\\/#breadcrumb\",\"itemListElement\":[{\"@type\":\"ListItem\",\"position\":1,\"name\":\"Home\",\"item\":\"https:\\\/\\\/www.aestheticdental.com\\\/\"},{\"@type\":\"ListItem\",\"position\":2,\"name\":\"Thank You\"}]},{\"@type\":\"WebSite\",\"@id\":\"https:\\\/\\\/www.aestheticdental.com\\\/#website\",\"url\":\"https:\\\/\\\/www.aestheticdental.com\\\/\",\"name\":\"Aesthetic Dental | General, Cosmetic & Implant Dentistry in Southfield, MI\",\"description\":\"General, Cosmetic &amp; Implant Dentistry in Southfield, MI\",\"publisher\":{\"@id\":\"https:\\\/\\\/www.aestheticdental.com\\\/#organization\"},\"potentialAction\":[{\"@type\":\"SearchAction\",\"target\":{\"@type\":\"EntryPoint\",\"urlTemplate\":\"https:\\\/\\\/www.aestheticdental.com\\\/?s={search_term_string}\"},\"query-input\":{\"@type\":\"PropertyValueSpecification\",\"valueRequired\":true,\"valueName\":\"search_term_string\"}}],\"inLanguage\":\"es\"},{\"@type\":\"Organization\",\"@id\":\"https:\\\/\\\/www.aestheticdental.com\\\/#organization\",\"name\":\"Aesthetic Dental | General, Cosmetic & Implant Dentistry in Southfield, MI\",\"url\":\"https:\\\/\\\/www.aestheticdental.com\\\/\",\"logo\":{\"@type\":\"ImageObject\",\"inLanguage\":\"es\",\"@id\":\"https:\\\/\\\/www.aestheticdental.com\\\/#\\\/schema\\\/logo\\\/image\\\/\",\"url\":\"https:\\\/\\\/www.aestheticdental.com\\\/wp-content\\\/uploads\\\/2025\\\/10\\\/Aesthetic-Dental-Square-Logo.jpg\",\"contentUrl\":\"https:\\\/\\\/www.aestheticdental.com\\\/wp-content\\\/uploads\\\/2025\\\/10\\\/Aesthetic-Dental-Square-Logo.jpg\",\"width\":1000,\"height\":1000,\"caption\":\"Aesthetic Dental | General, Cosmetic & Implant Dentistry in Southfield, MI\"},\"image\":{\"@id\":\"https:\\\/\\\/www.aestheticdental.com\\\/#\\\/schema\\\/logo\\\/image\\\/\"}}]}<\/script>\n<!-- \/ Yoast SEO plugin. -->","yoast_head_json":{"title":"Gracias | Odontolog\u00eda est\u00e9tica","robots":{"index":"index","follow":"follow","max-snippet":"max-snippet:-1","max-image-preview":"max-image-preview:large","max-video-preview":"max-video-preview:-1"},"canonical":"https:\/\/www.aestheticdental.com\/es\/gracias\/","og_locale":"es_MX","og_type":"article","og_title":"Thank You | Aesthetic Dental","og_description":"Thank you for contacting us We have received your submission and will contact you as soon as possible. If you require immediate assistance, please call the office to speak with someone now. We look forward to putting a smile on your face!","og_url":"https:\/\/www.aestheticdental.com\/es\/gracias\/","og_site_name":"Aesthetic Dental","article_modified_time":"2025-03-24T02:37:22+00:00","twitter_card":"summary_large_image","twitter_misc":{"Est. reading time":"1 minuto"},"schema":{"@context":"https:\/\/schema.org","@graph":[{"@type":"WebPage","@id":"https:\/\/www.aestheticdental.com\/thank-you\/","url":"https:\/\/www.aestheticdental.com\/thank-you\/","name":"Gracias | Odontolog\u00eda est\u00e9tica","isPartOf":{"@id":"https:\/\/www.aestheticdental.com\/#website"},"datePublished":"2025-03-18T20:05:06+00:00","dateModified":"2025-03-24T02:37:22+00:00","breadcrumb":{"@id":"https:\/\/www.aestheticdental.com\/thank-you\/#breadcrumb"},"inLanguage":"es","potentialAction":[{"@type":"ReadAction","target":["https:\/\/www.aestheticdental.com\/thank-you\/"]}]},{"@type":"BreadcrumbList","@id":"https:\/\/www.aestheticdental.com\/thank-you\/#breadcrumb","itemListElement":[{"@type":"ListItem","position":1,"name":"Home","item":"https:\/\/www.aestheticdental.com\/"},{"@type":"ListItem","position":2,"name":"Thank You"}]},{"@type":"WebSite","@id":"https:\/\/www.aestheticdental.com\/#website","url":"https:\/\/www.aestheticdental.com\/","name":"Odontolog\u00eda est\u00e9tica | Odontolog\u00eda general, cosm\u00e9tica e implantes dentales en Southfield, M\u00edchigan","description":"Odontolog\u00eda general, cosm\u00e9tica e implantes dentales en Southfield, M\u00edchigan","publisher":{"@id":"https:\/\/www.aestheticdental.com\/#organization"},"potentialAction":[{"@type":"SearchAction","target":{"@type":"EntryPoint","urlTemplate":"https:\/\/www.aestheticdental.com\/?s={search_term_string}"},"query-input":{"@type":"PropertyValueSpecification","valueRequired":true,"valueName":"search_term_string"}}],"inLanguage":"es"},{"@type":"Organization","@id":"https:\/\/www.aestheticdental.com\/#organization","name":"Odontolog\u00eda est\u00e9tica | Odontolog\u00eda general, cosm\u00e9tica e implantes dentales en Southfield, M\u00edchigan","url":"https:\/\/www.aestheticdental.com\/","logo":{"@type":"ImageObject","inLanguage":"es","@id":"https:\/\/www.aestheticdental.com\/#\/schema\/logo\/image\/","url":"https:\/\/www.aestheticdental.com\/wp-content\/uploads\/2025\/10\/Aesthetic-Dental-Square-Logo.jpg","contentUrl":"https:\/\/www.aestheticdental.com\/wp-content\/uploads\/2025\/10\/Aesthetic-Dental-Square-Logo.jpg","width":1000,"height":1000,"caption":"Aesthetic Dental | General, Cosmetic & Implant Dentistry in Southfield, MI"},"image":{"@id":"https:\/\/www.aestheticdental.com\/#\/schema\/logo\/image\/"}}]}},"_links":{"self":[{"href":"https:\/\/www.aestheticdental.com\/es\/wp-json\/wp\/v2\/pages\/314","targetHints":{"allow":["GET"]}}],"collection":[{"href":"https:\/\/www.aestheticdental.com\/es\/wp-json\/wp\/v2\/pages"}],"about":[{"href":"https:\/\/www.aestheticdental.com\/es\/wp-json\/wp\/v2\/types\/page"}],"author":[{"embeddable":true,"href":"https:\/\/www.aestheticdental.com\/es\/wp-json\/wp\/v2\/users\/4"}],"replies":[{"embeddable":true,"href":"https:\/\/www.aestheticdental.com\/es\/wp-json\/wp\/v2\/comments?post=314"}],"version-history":[{"count":0,"href":"https:\/\/www.aestheticdental.com\/es\/wp-json\/wp\/v2\/pages\/314\/revisions"}],"wp:attachment":[{"href":"https:\/\/www.aestheticdental.com\/es\/wp-json\/wp\/v2\/media?parent=314"}],"curies":[{"name":"wp","href":"https:\/\/api.w.org\/{rel}","templated":true}]}}