{"id":1222,"date":"2025-10-01T22:43:55","date_gmt":"2025-10-02T02:43:55","guid":{"rendered":"https:\/\/dianehinesdds.wpenginepowered.com\/?page_id=1222"},"modified":"2025-10-01T22:45:47","modified_gmt":"2025-10-02T02:45:47","slug":"financiamiento","status":"publish","type":"page","link":"https:\/\/www.aestheticdental.com\/es\/financing\/","title":{"rendered":"Financiamiento"},"content":{"rendered":"<h1>Tarjeta de cr\u00e9dito CareCredit para financiar procedimientos dentales.<\/h1>\n<p>Nos complace aceptar la tarjeta de cr\u00e9dito para servicios m\u00e9dicos CareCredit. CareCredit le permite decir \u201cs\u00ed\u201d a los procedimientos dentales quir\u00fargicos y no quir\u00fargicos recomendados, como coronas, cirug\u00eda oral o incluso un chequeo general, y pagarlos en c\u00f3modas cuotas mensuales que se ajustan a su situaci\u00f3n financiera.<\/p>\n<p><a href=\"https:\/\/www.carecredit.com\/go\/796DXD\/\"><img loading=\"lazy\" decoding=\"async\" class=\"alignright wp-image-1221 size-full\" src=\"http:\/\/www.aestheticdental.com\/wp-content\/uploads\/2025\/10\/carecredit_button_applynow_350x213_g_v1.png\" alt=\"\" width=\"350\" height=\"213\" srcset=\"https:\/\/www.aestheticdental.com\/wp-content\/uploads\/2025\/10\/carecredit_button_applynow_350x213_g_v1.png 350w, https:\/\/www.aestheticdental.com\/wp-content\/uploads\/2025\/10\/carecredit_button_applynow_350x213_g_v1-18x12.png 18w\" sizes=\"auto, (max-width: 350px) 100vw, 350px\" \/><\/a>CareCredit es una tarjeta de cr\u00e9dito que le ayuda a pagar los tratamientos y procedimientos para usted o su familia que pueden no estar cubiertos por el seguro. Con opciones de financiamiento especiales*, puede utilizar su tarjeta CareCredit una y otra vez para sus necesidades dentales, as\u00ed como en miles de otros proveedores de atenci\u00f3n m\u00e9dica, incluyendo optometristas, veterinarios, oftalm\u00f3logos y especialistas en audici\u00f3n.<\/p>\n<p>La solicitud es gratuita y f\u00e1cil, y recibir\u00e1 una respuesta inmediata. Si se aprueba, podr\u00e1 programar sus procedimientos incluso antes de recibir su tarjeta. Con m\u00e1s de 21 millones de cuentas abiertas desde que CareCredit comenz\u00f3 hace casi 30 a\u00f1os, son la fuente de confianza para las tarjetas de cr\u00e9dito para gastos m\u00e9dicos.<\/p>\n<p>\u00bfListo para presentar tu solicitud? <a href=\"https:\/\/www.carecredit.com\/go\/796DXD\/\"><strong>Solicite hoy mismo en l\u00ednea su tarjeta de cr\u00e9dito para servicios m\u00e9dicos CareCredit.<\/strong><\/a><\/p>\n<p>\u00a1En poco tiempo tendr\u00e1s una sonrisa m\u00e1s brillante!<\/p>","protected":false},"excerpt":{"rendered":"<p>CareCredit healthcare credit card for dental procedure financing We are pleased to accept the CareCredit healthcare, credit card. CareCredit lets you say &#8220;Yes&#8221; to recommended surgical and non-surgical dental procedures like crowns, oral surgery or even a general checkup, and pay for them in convenient monthly payments that fit your financial situation. CareCredit is a [&#8230;]\n","protected":false},"author":12,"featured_media":1221,"parent":0,"menu_order":0,"comment_status":"closed","ping_status":"closed","template":"","meta":{"rop_custom_images_group":[],"rop_custom_messages_group":[],"rop_publish_now":"initial","rop_publish_now_accounts":{"gmb_109265489736877664202_accounts\/109265489736877664202\/locations\/16295114870047390508":""},"rop_publish_now_history":[],"rop_publish_now_status":"pending","footnotes":""},"class_list":["post-1222","page","type-page","status-publish","has-post-thumbnail","hentry"],"yoast_head":"<!-- This site is optimized with the Yoast SEO plugin v27.4 - https:\/\/yoast.com\/product\/yoast-seo-wordpress\/ -->\n<title>Financing Options at Aesthetic Dental in Southfield, MI<\/title>\n<meta name=\"description\" content=\"Learn about our financing options with CareCredit to help make your dental care affordable with low monthly payments.\" \/>\n<meta name=\"robots\" content=\"index, follow, max-snippet:-1, max-image-preview:large, max-video-preview:-1\" \/>\n<link rel=\"canonical\" href=\"https:\/\/www.aestheticdental.com\/es\/financiamiento\/\" \/>\n<meta property=\"og:locale\" content=\"es_MX\" \/>\n<meta property=\"og:type\" content=\"article\" \/>\n<meta property=\"og:title\" content=\"Financing Options at Aesthetic Dental in Southfield, MI\" \/>\n<meta property=\"og:description\" content=\"Learn about our financing options with CareCredit to help make your dental care affordable with low monthly payments.\" \/>\n<meta property=\"og:url\" content=\"https:\/\/www.aestheticdental.com\/es\/financiamiento\/\" \/>\n<meta property=\"og:site_name\" content=\"Aesthetic Dental\" \/>\n<meta property=\"article:modified_time\" content=\"2025-10-02T02:45:47+00:00\" \/>\n<meta property=\"og:image\" content=\"https:\/\/www.aestheticdental.com\/wp-content\/uploads\/2025\/10\/carecredit_button_applynow_350x213_g_v1.png\" \/>\n\t<meta property=\"og:image:width\" content=\"350\" \/>\n\t<meta property=\"og:image:height\" content=\"213\" \/>\n\t<meta property=\"og:image:type\" content=\"image\/png\" \/>\n<meta name=\"twitter:card\" content=\"summary_large_image\" \/>\n<meta name=\"twitter:label1\" content=\"Est. reading time\" \/>\n\t<meta name=\"twitter:data1\" content=\"1 minuto\" \/>\n<script type=\"application\/ld+json\" class=\"yoast-schema-graph\">{\"@context\":\"https:\\\/\\\/schema.org\",\"@graph\":[{\"@type\":\"WebPage\",\"@id\":\"https:\\\/\\\/www.aestheticdental.com\\\/financing\\\/\",\"url\":\"https:\\\/\\\/www.aestheticdental.com\\\/financing\\\/\",\"name\":\"Financing Options at Aesthetic Dental in Southfield, MI\",\"isPartOf\":{\"@id\":\"https:\\\/\\\/www.aestheticdental.com\\\/#website\"},\"primaryImageOfPage\":{\"@id\":\"https:\\\/\\\/www.aestheticdental.com\\\/financing\\\/#primaryimage\"},\"image\":{\"@id\":\"https:\\\/\\\/www.aestheticdental.com\\\/financing\\\/#primaryimage\"},\"thumbnailUrl\":\"https:\\\/\\\/www.aestheticdental.com\\\/wp-content\\\/uploads\\\/2025\\\/10\\\/carecredit_button_applynow_350x213_g_v1.png\",\"datePublished\":\"2025-10-02T02:43:55+00:00\",\"dateModified\":\"2025-10-02T02:45:47+00:00\",\"description\":\"Learn about our financing options with CareCredit to help make your dental care affordable with low monthly payments.\",\"breadcrumb\":{\"@id\":\"https:\\\/\\\/www.aestheticdental.com\\\/financing\\\/#breadcrumb\"},\"inLanguage\":\"es\",\"potentialAction\":[{\"@type\":\"ReadAction\",\"target\":[\"https:\\\/\\\/www.aestheticdental.com\\\/financing\\\/\"]}]},{\"@type\":\"ImageObject\",\"inLanguage\":\"es\",\"@id\":\"https:\\\/\\\/www.aestheticdental.com\\\/financing\\\/#primaryimage\",\"url\":\"https:\\\/\\\/www.aestheticdental.com\\\/wp-content\\\/uploads\\\/2025\\\/10\\\/carecredit_button_applynow_350x213_g_v1.png\",\"contentUrl\":\"https:\\\/\\\/www.aestheticdental.com\\\/wp-content\\\/uploads\\\/2025\\\/10\\\/carecredit_button_applynow_350x213_g_v1.png\",\"width\":350,\"height\":213},{\"@type\":\"BreadcrumbList\",\"@id\":\"https:\\\/\\\/www.aestheticdental.com\\\/financing\\\/#breadcrumb\",\"itemListElement\":[{\"@type\":\"ListItem\",\"position\":1,\"name\":\"Home\",\"item\":\"https:\\\/\\\/www.aestheticdental.com\\\/\"},{\"@type\":\"ListItem\",\"position\":2,\"name\":\"Financing\"}]},{\"@type\":\"WebSite\",\"@id\":\"https:\\\/\\\/www.aestheticdental.com\\\/#website\",\"url\":\"https:\\\/\\\/www.aestheticdental.com\\\/\",\"name\":\"Aesthetic Dental | General, Cosmetic & Implant Dentistry in Southfield, MI\",\"description\":\"General, Cosmetic &amp; Implant Dentistry in Southfield, MI\",\"publisher\":{\"@id\":\"https:\\\/\\\/www.aestheticdental.com\\\/#organization\"},\"potentialAction\":[{\"@type\":\"SearchAction\",\"target\":{\"@type\":\"EntryPoint\",\"urlTemplate\":\"https:\\\/\\\/www.aestheticdental.com\\\/?s={search_term_string}\"},\"query-input\":{\"@type\":\"PropertyValueSpecification\",\"valueRequired\":true,\"valueName\":\"search_term_string\"}}],\"inLanguage\":\"es\"},{\"@type\":\"Organization\",\"@id\":\"https:\\\/\\\/www.aestheticdental.com\\\/#organization\",\"name\":\"Aesthetic Dental | General, Cosmetic & Implant Dentistry in Southfield, MI\",\"url\":\"https:\\\/\\\/www.aestheticdental.com\\\/\",\"logo\":{\"@type\":\"ImageObject\",\"inLanguage\":\"es\",\"@id\":\"https:\\\/\\\/www.aestheticdental.com\\\/#\\\/schema\\\/logo\\\/image\\\/\",\"url\":\"https:\\\/\\\/www.aestheticdental.com\\\/wp-content\\\/uploads\\\/2025\\\/10\\\/Aesthetic-Dental-Square-Logo.jpg\",\"contentUrl\":\"https:\\\/\\\/www.aestheticdental.com\\\/wp-content\\\/uploads\\\/2025\\\/10\\\/Aesthetic-Dental-Square-Logo.jpg\",\"width\":1000,\"height\":1000,\"caption\":\"Aesthetic Dental | General, Cosmetic & Implant Dentistry in Southfield, MI\"},\"image\":{\"@id\":\"https:\\\/\\\/www.aestheticdental.com\\\/#\\\/schema\\\/logo\\\/image\\\/\"}}]}<\/script>\n<!-- \/ Yoast SEO plugin. -->","yoast_head_json":{"title":"Opciones de financiamiento en Aesthetic Dental en Southfield, M\u00edchigan","description":"Conozca nuestras opciones de financiamiento con CareCredit para que su atenci\u00f3n dental sea m\u00e1s accesible con pagos mensuales bajos.","robots":{"index":"index","follow":"follow","max-snippet":"max-snippet:-1","max-image-preview":"max-image-preview:large","max-video-preview":"max-video-preview:-1"},"canonical":"https:\/\/www.aestheticdental.com\/es\/financiamiento\/","og_locale":"es_MX","og_type":"article","og_title":"Financing Options at Aesthetic Dental in Southfield, MI","og_description":"Learn about our financing options with CareCredit to help make your dental care affordable with low monthly payments.","og_url":"https:\/\/www.aestheticdental.com\/es\/financiamiento\/","og_site_name":"Aesthetic Dental","article_modified_time":"2025-10-02T02:45:47+00:00","og_image":[{"width":350,"height":213,"url":"https:\/\/www.aestheticdental.com\/wp-content\/uploads\/2025\/10\/carecredit_button_applynow_350x213_g_v1.png","type":"image\/png"}],"twitter_card":"summary_large_image","twitter_misc":{"Est. reading time":"1 minuto"},"schema":{"@context":"https:\/\/schema.org","@graph":[{"@type":"WebPage","@id":"https:\/\/www.aestheticdental.com\/financing\/","url":"https:\/\/www.aestheticdental.com\/financing\/","name":"Opciones de financiamiento en Aesthetic Dental en Southfield, M\u00edchigan","isPartOf":{"@id":"https:\/\/www.aestheticdental.com\/#website"},"primaryImageOfPage":{"@id":"https:\/\/www.aestheticdental.com\/financing\/#primaryimage"},"image":{"@id":"https:\/\/www.aestheticdental.com\/financing\/#primaryimage"},"thumbnailUrl":"https:\/\/www.aestheticdental.com\/wp-content\/uploads\/2025\/10\/carecredit_button_applynow_350x213_g_v1.png","datePublished":"2025-10-02T02:43:55+00:00","dateModified":"2025-10-02T02:45:47+00:00","description":"Conozca nuestras opciones de financiamiento con CareCredit para que su atenci\u00f3n dental sea m\u00e1s accesible con pagos mensuales bajos.","breadcrumb":{"@id":"https:\/\/www.aestheticdental.com\/financing\/#breadcrumb"},"inLanguage":"es","potentialAction":[{"@type":"ReadAction","target":["https:\/\/www.aestheticdental.com\/financing\/"]}]},{"@type":"ImageObject","inLanguage":"es","@id":"https:\/\/www.aestheticdental.com\/financing\/#primaryimage","url":"https:\/\/www.aestheticdental.com\/wp-content\/uploads\/2025\/10\/carecredit_button_applynow_350x213_g_v1.png","contentUrl":"https:\/\/www.aestheticdental.com\/wp-content\/uploads\/2025\/10\/carecredit_button_applynow_350x213_g_v1.png","width":350,"height":213},{"@type":"BreadcrumbList","@id":"https:\/\/www.aestheticdental.com\/financing\/#breadcrumb","itemListElement":[{"@type":"ListItem","position":1,"name":"Home","item":"https:\/\/www.aestheticdental.com\/"},{"@type":"ListItem","position":2,"name":"Financing"}]},{"@type":"WebSite","@id":"https:\/\/www.aestheticdental.com\/#website","url":"https:\/\/www.aestheticdental.com\/","name":"Odontolog\u00eda est\u00e9tica | Odontolog\u00eda general, cosm\u00e9tica e implantes dentales en Southfield, M\u00edchigan","description":"Odontolog\u00eda general, cosm\u00e9tica e implantes dentales en Southfield, M\u00edchigan","publisher":{"@id":"https:\/\/www.aestheticdental.com\/#organization"},"potentialAction":[{"@type":"SearchAction","target":{"@type":"EntryPoint","urlTemplate":"https:\/\/www.aestheticdental.com\/?s={search_term_string}"},"query-input":{"@type":"PropertyValueSpecification","valueRequired":true,"valueName":"search_term_string"}}],"inLanguage":"es"},{"@type":"Organization","@id":"https:\/\/www.aestheticdental.com\/#organization","name":"Odontolog\u00eda est\u00e9tica | Odontolog\u00eda general, cosm\u00e9tica e implantes dentales en Southfield, M\u00edchigan","url":"https:\/\/www.aestheticdental.com\/","logo":{"@type":"ImageObject","inLanguage":"es","@id":"https:\/\/www.aestheticdental.com\/#\/schema\/logo\/image\/","url":"https:\/\/www.aestheticdental.com\/wp-content\/uploads\/2025\/10\/Aesthetic-Dental-Square-Logo.jpg","contentUrl":"https:\/\/www.aestheticdental.com\/wp-content\/uploads\/2025\/10\/Aesthetic-Dental-Square-Logo.jpg","width":1000,"height":1000,"caption":"Aesthetic Dental | General, Cosmetic & Implant Dentistry in Southfield, MI"},"image":{"@id":"https:\/\/www.aestheticdental.com\/#\/schema\/logo\/image\/"}}]}},"_links":{"self":[{"href":"https:\/\/www.aestheticdental.com\/es\/wp-json\/wp\/v2\/pages\/1222","targetHints":{"allow":["GET"]}}],"collection":[{"href":"https:\/\/www.aestheticdental.com\/es\/wp-json\/wp\/v2\/pages"}],"about":[{"href":"https:\/\/www.aestheticdental.com\/es\/wp-json\/wp\/v2\/types\/page"}],"author":[{"embeddable":true,"href":"https:\/\/www.aestheticdental.com\/es\/wp-json\/wp\/v2\/users\/12"}],"replies":[{"embeddable":true,"href":"https:\/\/www.aestheticdental.com\/es\/wp-json\/wp\/v2\/comments?post=1222"}],"version-history":[{"count":0,"href":"https:\/\/www.aestheticdental.com\/es\/wp-json\/wp\/v2\/pages\/1222\/revisions"}],"wp:featuredmedia":[{"embeddable":true,"href":"https:\/\/www.aestheticdental.com\/es\/wp-json\/wp\/v2\/media\/1221"}],"wp:attachment":[{"href":"https:\/\/www.aestheticdental.com\/es\/wp-json\/wp\/v2\/media?parent=1222"}],"curies":[{"name":"wp","href":"https:\/\/api.w.org\/{rel}","templated":true}]}}