{"id":1171,"date":"2025-09-30T07:20:08","date_gmt":"2025-09-30T11:20:08","guid":{"rendered":"https:\/\/dianehinesdds.wpenginepowered.com\/?page_id=1171"},"modified":"2026-04-07T14:16:14","modified_gmt":"2026-04-07T18:16:14","slug":"david-seluk-doctor-en-odontologia","status":"publish","type":"page","link":"https:\/\/www.aestheticdental.com\/es\/about-us\/david-seluk-dds\/","title":{"rendered":"David Seluk, doctor en odontolog\u00eda"},"content":{"rendered":"<section class=\"section\" id=\"section_344037365\">\n\t\t<div class=\"section-bg fill\" >\n\t\t\t\t\t\t\t\t\t\n\t\t\t\n\n\t\t<\/div>\n\n\t\t\n\n\t\t<div class=\"section-content relative\">\n\t\t\t\n<div class=\"row\"  id=\"row-356844508\">\n\n\t<div id=\"col-533160703\" class=\"col small-12 large-12\"  >\n\t\t\t\t<div class=\"col-inner\"  >\n\t\t\t\n\t\t\t\n<div class=\"row row-collapse align-center\"  id=\"row-2018947226\">\n\n\t<div id=\"col-477595276\" class=\"col medium-10 small-12 large-4 medium-col-first\"  >\n\t\t\t\t<div class=\"col-inner\"  >\n\t\t\t\n\t\t\t\n\n  <div class=\"banner has-hover\" id=\"banner-548246568\">\n          <div class=\"banner-inner fill\">\n        <div class=\"banner-bg fill\" >\n            <img loading=\"lazy\" decoding=\"async\" width=\"1429\" height=\"2000\" src=\"https:\/\/www.aestheticdental.com\/wp-content\/uploads\/2025\/09\/Untitled-9.jpg\" class=\"bg attachment-original size-original\" alt=\"David Seluk, DDS - Dentista en Southfield, M\u00edchigan\" \/>                                    \n                    <\/div>\n\t\t\n        <div class=\"banner-layers container\">\n            <div class=\"fill banner-link\"><\/div>            \n        <\/div>\n      <\/div>\n\n            \n<style>\n#banner-548246568 {\n  padding-top: 400px;\n  background-color: rgb(244, 244, 244);\n}\n@media (min-width:550px) {\n  #banner-548246568 {\n    padding-top: 140%;\n  }\n}\n<\/style>\n  <\/div>\n\n\n\t<div id=\"gap-592001300\" class=\"gap-element clearfix\" style=\"display:block; height:auto;\">\n\t\t\n<style>\n#gap-592001300 {\n  padding-top: 3px;\n}\n<\/style>\n\t<\/div>\n\t\n\t\t<\/div>\n\t\t\t\t\t<\/div>\n\n\t\n\n\t<div id=\"col-1079253059\" class=\"col team-sorted-info medium-12 small-12 large-8\"  >\n\t\t\t\t<div class=\"col-inner\"  >\n\t\t\t\n\t\t\t\n\t<div id=\"text-2569016972\" class=\"text\">\n\t\t\n<h1><span style=\"font-size: 120%;\">David Seluk, doctor en odontolog\u00eda<\/span><\/h1>\n<p>El Dr. Seluk obtuvo su licenciatura en la Universidad Estatal de Wayne antes de completar su Doctorado en Cirug\u00eda Dental (DDS) en la Universidad de Nueva York en 1995. Ampli\u00f3 sus conocimientos con una residencia en odontolog\u00eda general en el Hospital Luterano en 1996. Comprometido con mantenerse a la vanguardia de los avances odontol\u00f3gicos, el Dr. Seluk ha completado una amplia formaci\u00f3n continua en implantes dentales, Invisalign, endodoncia rotatoria y odontolog\u00eda l\u00e1ser.<\/p>\n<p>Residente de Royal Oak desde hace m\u00e1s de 20 a\u00f1os, el Dr. Seluk est\u00e1 profundamente vinculado a la comunidad. Es un orgulloso padre de tres hijos: el menor est\u00e1 en sexto grado, otro est\u00e1 empezando la preparatoria y el mayor acaba de comprar una casa en el vecindario. Adem\u00e1s de la odontolog\u00eda, le gusta pasar tiempo al aire libre, ya sea navegando, jugando golf o montando en motocicleta.<\/p>\n<p>El Dr. Seluk se dedica a proporcionar una atenci\u00f3n dental excepcional, centr\u00e1ndose en la comodidad del paciente y en tratamientos de vanguardia. Pida una consulta hoy mismo para experimentar su enfoque personalizado de la odontolog\u00eda.<\/p>\n\t\t\n<style>\n#text-2569016972 {\n  color: rgb(0,0,0);\n}\n#text-2569016972 > * {\n  color: rgb(0,0,0);\n}\n<\/style>\n\t<\/div>\n\t\n<a href=\"\/es\/contactenos\/\" class=\"button primary is-larger\"  >\n\t\t<span>Reserve una consulta<\/span>\n\t<\/a>\n\n\t<div id=\"gap-393052070\" class=\"gap-element clearfix\" style=\"display:block; height:auto;\">\n\t\t\n<style>\n#gap-393052070 {\n  padding-top: 20px;\n}\n<\/style>\n\t<\/div>\n\t\n<div class=\"is-divider divider clearfix\" style=\"margin-top:1.2em;margin-bottom:1.2em;max-width:100%;height:2px;background-color:rgba(0, 0, 0, 0.09);\"><\/div>\n\t\t<\/div>\n\t\t\t\t\n<style>\n#col-1079253059 > .col-inner {\n  padding: 20px 20px 40px 20px;\n}\n@media (min-width:550px) {\n  #col-1079253059 > .col-inner {\n    padding: 0px 40px 40px 40px;\n  }\n}\n<\/style>\n\t<\/div>\n\n\t\n<\/div>\n\t\t<\/div>\n\t\t\t\t\n<style>\n#col-533160703 > .col-inner {\n  margin: 10px 0px 10px 0px;\n}\n<\/style>\n\t<\/div>\n\n\t\n\n<style>\n#row-356844508 > .col > .col-inner {\n  background-color: rgb(255,255,255);\n}\n<\/style>\n<\/div>\n\t\t<\/div>\n\n\t\t\n<style>\n#section_344037365 {\n  padding-top: 60px;\n  padding-bottom: 60px;\n}\n<\/style>\n\t<\/section>","protected":false},"excerpt":{"rendered":"","protected":false},"author":12,"featured_media":708,"parent":13,"menu_order":0,"comment_status":"closed","ping_status":"closed","template":"","meta":{"rop_custom_images_group":[],"rop_custom_messages_group":[],"rop_publish_now":"initial","rop_publish_now_accounts":{"gmb_109265489736877664202_accounts\/109265489736877664202\/locations\/16295114870047390508":""},"rop_publish_now_history":[],"rop_publish_now_status":"pending","footnotes":""},"class_list":["post-1171","page","type-page","status-publish","has-post-thumbnail","hentry"],"yoast_head":"<!-- This site is optimized with the Yoast SEO plugin v27.4 - https:\/\/yoast.com\/product\/yoast-seo-wordpress\/ -->\n<title>David Seluk, DDS | Aesthetic Dental in Fairfield, Michigan<\/title>\n<meta name=\"description\" content=\"Meet Dr. Seluk, an NYU-trained dentist with advanced implant expertise. Get personalized, modern care and book an appointment today.\" \/>\n<meta name=\"robots\" content=\"index, follow, max-snippet:-1, max-image-preview:large, max-video-preview:-1\" \/>\n<link rel=\"canonical\" href=\"https:\/\/www.aestheticdental.com\/es\/quienes-somos\/david-seluk-doctor-en-odontologia\/\" \/>\n<meta property=\"og:locale\" content=\"es_MX\" \/>\n<meta property=\"og:type\" content=\"article\" \/>\n<meta property=\"og:title\" content=\"David Seluk, DDS | Aesthetic Dental in Fairfield, Michigan\" \/>\n<meta property=\"og:description\" content=\"Meet Dr. Seluk, an NYU-trained dentist with advanced implant expertise. Get personalized, modern care and book an appointment today.\" \/>\n<meta property=\"og:url\" content=\"https:\/\/www.aestheticdental.com\/es\/quienes-somos\/david-seluk-doctor-en-odontologia\/\" \/>\n<meta property=\"og:site_name\" content=\"Aesthetic Dental\" \/>\n<meta property=\"article:modified_time\" content=\"2026-04-07T18:16:14+00:00\" \/>\n<meta property=\"og:image\" content=\"https:\/\/www.aestheticdental.com\/wp-content\/uploads\/2025\/09\/Untitled-9-572x800.jpg\" \/>\n\t<meta property=\"og:image:width\" content=\"572\" \/>\n\t<meta property=\"og:image:height\" content=\"800\" \/>\n\t<meta property=\"og:image:type\" content=\"image\/jpeg\" \/>\n<meta name=\"twitter:card\" content=\"summary_large_image\" \/>\n<meta name=\"twitter:label1\" content=\"Est. reading time\" \/>\n\t<meta name=\"twitter:data1\" content=\"2 minutos\" \/>\n<script type=\"application\/ld+json\" class=\"yoast-schema-graph\">{\"@context\":\"https:\\\/\\\/schema.org\",\"@graph\":[{\"@type\":\"WebPage\",\"@id\":\"https:\\\/\\\/www.aestheticdental.com\\\/about-us\\\/david-seluk-dds\\\/\",\"url\":\"https:\\\/\\\/www.aestheticdental.com\\\/about-us\\\/david-seluk-dds\\\/\",\"name\":\"David Seluk, DDS | Aesthetic Dental in Fairfield, Michigan\",\"isPartOf\":{\"@id\":\"https:\\\/\\\/www.aestheticdental.com\\\/#website\"},\"primaryImageOfPage\":{\"@id\":\"https:\\\/\\\/www.aestheticdental.com\\\/about-us\\\/david-seluk-dds\\\/#primaryimage\"},\"image\":{\"@id\":\"https:\\\/\\\/www.aestheticdental.com\\\/about-us\\\/david-seluk-dds\\\/#primaryimage\"},\"thumbnailUrl\":\"https:\\\/\\\/www.aestheticdental.com\\\/wp-content\\\/uploads\\\/2025\\\/09\\\/Untitled-9.jpg\",\"datePublished\":\"2025-09-30T11:20:08+00:00\",\"dateModified\":\"2026-04-07T18:16:14+00:00\",\"description\":\"Meet Dr. Seluk, an NYU-trained dentist with advanced implant expertise. Get personalized, modern care and book an appointment today.\",\"breadcrumb\":{\"@id\":\"https:\\\/\\\/www.aestheticdental.com\\\/about-us\\\/david-seluk-dds\\\/#breadcrumb\"},\"inLanguage\":\"es\",\"potentialAction\":[{\"@type\":\"ReadAction\",\"target\":[\"https:\\\/\\\/www.aestheticdental.com\\\/about-us\\\/david-seluk-dds\\\/\"]}]},{\"@type\":\"ImageObject\",\"inLanguage\":\"es\",\"@id\":\"https:\\\/\\\/www.aestheticdental.com\\\/about-us\\\/david-seluk-dds\\\/#primaryimage\",\"url\":\"https:\\\/\\\/www.aestheticdental.com\\\/wp-content\\\/uploads\\\/2025\\\/09\\\/Untitled-9.jpg\",\"contentUrl\":\"https:\\\/\\\/www.aestheticdental.com\\\/wp-content\\\/uploads\\\/2025\\\/09\\\/Untitled-9.jpg\",\"width\":1429,\"height\":2000,\"caption\":\"David Seluk, DDS - Dentist in Southfield, MI\"},{\"@type\":\"BreadcrumbList\",\"@id\":\"https:\\\/\\\/www.aestheticdental.com\\\/about-us\\\/david-seluk-dds\\\/#breadcrumb\",\"itemListElement\":[{\"@type\":\"ListItem\",\"position\":1,\"name\":\"Home\",\"item\":\"https:\\\/\\\/www.aestheticdental.com\\\/\"},{\"@type\":\"ListItem\",\"position\":2,\"name\":\"About Us\",\"item\":\"https:\\\/\\\/www.aestheticdental.com\\\/about-us\\\/\"},{\"@type\":\"ListItem\",\"position\":3,\"name\":\"David Seluk, DDS\"}]},{\"@type\":\"WebSite\",\"@id\":\"https:\\\/\\\/www.aestheticdental.com\\\/#website\",\"url\":\"https:\\\/\\\/www.aestheticdental.com\\\/\",\"name\":\"Aesthetic Dental | General, Cosmetic & Implant Dentistry in Southfield, MI\",\"description\":\"General, Cosmetic &amp; Implant Dentistry in Southfield, MI\",\"publisher\":{\"@id\":\"https:\\\/\\\/www.aestheticdental.com\\\/#organization\"},\"potentialAction\":[{\"@type\":\"SearchAction\",\"target\":{\"@type\":\"EntryPoint\",\"urlTemplate\":\"https:\\\/\\\/www.aestheticdental.com\\\/?s={search_term_string}\"},\"query-input\":{\"@type\":\"PropertyValueSpecification\",\"valueRequired\":true,\"valueName\":\"search_term_string\"}}],\"inLanguage\":\"es\"},{\"@type\":\"Organization\",\"@id\":\"https:\\\/\\\/www.aestheticdental.com\\\/#organization\",\"name\":\"Aesthetic Dental | General, Cosmetic & Implant Dentistry in Southfield, MI\",\"url\":\"https:\\\/\\\/www.aestheticdental.com\\\/\",\"logo\":{\"@type\":\"ImageObject\",\"inLanguage\":\"es\",\"@id\":\"https:\\\/\\\/www.aestheticdental.com\\\/#\\\/schema\\\/logo\\\/image\\\/\",\"url\":\"https:\\\/\\\/www.aestheticdental.com\\\/wp-content\\\/uploads\\\/2025\\\/10\\\/Aesthetic-Dental-Square-Logo.jpg\",\"contentUrl\":\"https:\\\/\\\/www.aestheticdental.com\\\/wp-content\\\/uploads\\\/2025\\\/10\\\/Aesthetic-Dental-Square-Logo.jpg\",\"width\":1000,\"height\":1000,\"caption\":\"Aesthetic Dental | General, Cosmetic & Implant Dentistry in Southfield, MI\"},\"image\":{\"@id\":\"https:\\\/\\\/www.aestheticdental.com\\\/#\\\/schema\\\/logo\\\/image\\\/\"}}]}<\/script>\n<!-- \/ Yoast SEO plugin. -->","yoast_head_json":{"title":"David Seluk, doctor en odontolog\u00eda | Odontolog\u00eda est\u00e9tica en Fairfield, M\u00edchigan","description":"Conozca al Dr. Seluk, un odont\u00f3logo formado en la Universidad de Nueva York (NYU) con amplia experiencia en implantes. Disfrute de una atenci\u00f3n personalizada y moderna, y reserve una cita hoy mismo.","robots":{"index":"index","follow":"follow","max-snippet":"max-snippet:-1","max-image-preview":"max-image-preview:large","max-video-preview":"max-video-preview:-1"},"canonical":"https:\/\/www.aestheticdental.com\/es\/quienes-somos\/david-seluk-doctor-en-odontologia\/","og_locale":"es_MX","og_type":"article","og_title":"David Seluk, DDS | Aesthetic Dental in Fairfield, Michigan","og_description":"Meet Dr. Seluk, an NYU-trained dentist with advanced implant expertise. Get personalized, modern care and book an appointment today.","og_url":"https:\/\/www.aestheticdental.com\/es\/quienes-somos\/david-seluk-doctor-en-odontologia\/","og_site_name":"Aesthetic Dental","article_modified_time":"2026-04-07T18:16:14+00:00","og_image":[{"width":572,"height":800,"url":"https:\/\/www.aestheticdental.com\/wp-content\/uploads\/2025\/09\/Untitled-9-572x800.jpg","type":"image\/jpeg"}],"twitter_card":"summary_large_image","twitter_misc":{"Est. reading time":"2 minutos"},"schema":{"@context":"https:\/\/schema.org","@graph":[{"@type":"WebPage","@id":"https:\/\/www.aestheticdental.com\/about-us\/david-seluk-dds\/","url":"https:\/\/www.aestheticdental.com\/about-us\/david-seluk-dds\/","name":"David Seluk, doctor en odontolog\u00eda | Odontolog\u00eda est\u00e9tica en Fairfield, M\u00edchigan","isPartOf":{"@id":"https:\/\/www.aestheticdental.com\/#website"},"primaryImageOfPage":{"@id":"https:\/\/www.aestheticdental.com\/about-us\/david-seluk-dds\/#primaryimage"},"image":{"@id":"https:\/\/www.aestheticdental.com\/about-us\/david-seluk-dds\/#primaryimage"},"thumbnailUrl":"https:\/\/www.aestheticdental.com\/wp-content\/uploads\/2025\/09\/Untitled-9.jpg","datePublished":"2025-09-30T11:20:08+00:00","dateModified":"2026-04-07T18:16:14+00:00","description":"Conozca al Dr. Seluk, un odont\u00f3logo formado en la Universidad de Nueva York (NYU) con amplia experiencia en implantes. Disfrute de una atenci\u00f3n personalizada y moderna, y reserve una cita hoy mismo.","breadcrumb":{"@id":"https:\/\/www.aestheticdental.com\/about-us\/david-seluk-dds\/#breadcrumb"},"inLanguage":"es","potentialAction":[{"@type":"ReadAction","target":["https:\/\/www.aestheticdental.com\/about-us\/david-seluk-dds\/"]}]},{"@type":"ImageObject","inLanguage":"es","@id":"https:\/\/www.aestheticdental.com\/about-us\/david-seluk-dds\/#primaryimage","url":"https:\/\/www.aestheticdental.com\/wp-content\/uploads\/2025\/09\/Untitled-9.jpg","contentUrl":"https:\/\/www.aestheticdental.com\/wp-content\/uploads\/2025\/09\/Untitled-9.jpg","width":1429,"height":2000,"caption":"David Seluk, DDS - Dentist in Southfield, MI"},{"@type":"BreadcrumbList","@id":"https:\/\/www.aestheticdental.com\/about-us\/david-seluk-dds\/#breadcrumb","itemListElement":[{"@type":"ListItem","position":1,"name":"Home","item":"https:\/\/www.aestheticdental.com\/"},{"@type":"ListItem","position":2,"name":"About Us","item":"https:\/\/www.aestheticdental.com\/about-us\/"},{"@type":"ListItem","position":3,"name":"David Seluk, DDS"}]},{"@type":"WebSite","@id":"https:\/\/www.aestheticdental.com\/#website","url":"https:\/\/www.aestheticdental.com\/","name":"Odontolog\u00eda est\u00e9tica | Odontolog\u00eda general, cosm\u00e9tica e implantes dentales en Southfield, M\u00edchigan","description":"Odontolog\u00eda general, cosm\u00e9tica e implantes dentales en Southfield, M\u00edchigan","publisher":{"@id":"https:\/\/www.aestheticdental.com\/#organization"},"potentialAction":[{"@type":"SearchAction","target":{"@type":"EntryPoint","urlTemplate":"https:\/\/www.aestheticdental.com\/?s={search_term_string}"},"query-input":{"@type":"PropertyValueSpecification","valueRequired":true,"valueName":"search_term_string"}}],"inLanguage":"es"},{"@type":"Organization","@id":"https:\/\/www.aestheticdental.com\/#organization","name":"Odontolog\u00eda est\u00e9tica | Odontolog\u00eda general, cosm\u00e9tica e implantes dentales en Southfield, M\u00edchigan","url":"https:\/\/www.aestheticdental.com\/","logo":{"@type":"ImageObject","inLanguage":"es","@id":"https:\/\/www.aestheticdental.com\/#\/schema\/logo\/image\/","url":"https:\/\/www.aestheticdental.com\/wp-content\/uploads\/2025\/10\/Aesthetic-Dental-Square-Logo.jpg","contentUrl":"https:\/\/www.aestheticdental.com\/wp-content\/uploads\/2025\/10\/Aesthetic-Dental-Square-Logo.jpg","width":1000,"height":1000,"caption":"Aesthetic Dental | General, Cosmetic & Implant Dentistry in Southfield, MI"},"image":{"@id":"https:\/\/www.aestheticdental.com\/#\/schema\/logo\/image\/"}}]}},"_links":{"self":[{"href":"https:\/\/www.aestheticdental.com\/es\/wp-json\/wp\/v2\/pages\/1171","targetHints":{"allow":["GET"]}}],"collection":[{"href":"https:\/\/www.aestheticdental.com\/es\/wp-json\/wp\/v2\/pages"}],"about":[{"href":"https:\/\/www.aestheticdental.com\/es\/wp-json\/wp\/v2\/types\/page"}],"author":[{"embeddable":true,"href":"https:\/\/www.aestheticdental.com\/es\/wp-json\/wp\/v2\/users\/12"}],"replies":[{"embeddable":true,"href":"https:\/\/www.aestheticdental.com\/es\/wp-json\/wp\/v2\/comments?post=1171"}],"version-history":[{"count":0,"href":"https:\/\/www.aestheticdental.com\/es\/wp-json\/wp\/v2\/pages\/1171\/revisions"}],"up":[{"embeddable":true,"href":"https:\/\/www.aestheticdental.com\/es\/wp-json\/wp\/v2\/pages\/13"}],"wp:featuredmedia":[{"embeddable":true,"href":"https:\/\/www.aestheticdental.com\/es\/wp-json\/wp\/v2\/media\/708"}],"wp:attachment":[{"href":"https:\/\/www.aestheticdental.com\/es\/wp-json\/wp\/v2\/media?parent=1171"}],"curies":[{"name":"wp","href":"https:\/\/api.w.org\/{rel}","templated":true}]}}