{"id":1170,"date":"2025-09-30T07:14:17","date_gmt":"2025-09-30T11:14:17","guid":{"rendered":"https:\/\/dianehinesdds.wpenginepowered.com\/?page_id=1170"},"modified":"2025-09-30T07:22:08","modified_gmt":"2025-09-30T11:22:08","slug":"diane-i-hines-doctora-en-odontologia","status":"publish","type":"page","link":"https:\/\/www.aestheticdental.com\/es\/about-us\/diane-i-hines-dds\/","title":{"rendered":"Diane I. Hines, doctora en Cirug\u00eda Dental"},"content":{"rendered":"<section class=\"section\" id=\"section_1355672712\">\n\t\t<div class=\"section-bg fill\" >\n\t\t\t\t\t\t\t\t\t\n\t\t\t\n\n\t\t<\/div>\n\n\t\t\n\n\t\t<div class=\"section-content relative\">\n\t\t\t\n<div class=\"row\"  id=\"row-843375920\">\n\n\t<div id=\"col-883448796\" class=\"col medium-12 small-12 large-12\"  >\n\t\t\t\t<div class=\"col-inner\"  >\n\t\t\t\n\t\t\t\n<div class=\"row row-collapse align-center\"  id=\"row-828003499\">\n\n\t<div id=\"col-245926513\" class=\"col medium-10 small-12 large-4\"  >\n\t\t\t\t<div class=\"col-inner\"  >\n\t\t\t\n\t\t\t\n\n  <div class=\"banner has-hover\" id=\"banner-974407855\">\n          <div class=\"banner-inner fill\">\n        <div class=\"banner-bg fill\" >\n            <img loading=\"lazy\" decoding=\"async\" width=\"1429\" height=\"2000\" src=\"https:\/\/www.aestheticdental.com\/wp-content\/uploads\/2025\/09\/Untitled-10.jpg\" class=\"bg attachment-original size-original\" alt=\"Diane I. Hines, DDS - Dentista en Southfield, M\u00edchigan\" \/>                                    \n                    <\/div>\n\t\t\n        <div class=\"banner-layers container\">\n            <div class=\"fill banner-link\"><\/div>            \n        <\/div>\n      <\/div>\n\n            \n<style>\n#banner-974407855 {\n  padding-top: 400px;\n  background-color: rgb(244, 244, 244);\n}\n#banner-974407855 .banner-bg img {\n  object-position: 51% 100%;\n}\n@media (min-width:550px) {\n  #banner-974407855 {\n    padding-top: 140%;\n  }\n}\n<\/style>\n  <\/div>\n\n\n\t<div id=\"gap-1508324455\" class=\"gap-element clearfix\" style=\"display:block; height:auto;\">\n\t\t\n<style>\n#gap-1508324455 {\n  padding-top: 3px;\n}\n<\/style>\n\t<\/div>\n\t\n<a href=\"\/es\/contactenos\/\" class=\"button primary is-large expand\"  >\n\t\t<span>Reservar consulta<\/span>\n\t<i class=\"icon-clock\" aria-hidden=\"true\" ><\/i><\/a>\n\n\t\t<\/div>\n\t\t\t\t\t<\/div>\n\n\t\n\n\t<div id=\"col-998236345\" class=\"col team-sorted-info medium-12 small-12 large-8\"  >\n\t\t\t\t<div class=\"col-inner\"  >\n\t\t\t\n\t\t\t\n\t<div id=\"text-3002031895\" class=\"text\">\n\t\t\n<h1><span style=\"font-size: 120%;\">Diane I. Hines, doctora en Cirug\u00eda Dental<\/span><\/h1>\n<p>La Dra. Diane Hines lleva m\u00e1s de 30 a\u00f1os atendiendo a pacientes en el \u00e1rea metropolitana de Detroit. Graduada por la Facultad de Odontolog\u00eda de la Universidad de Michigan (DDS, 1983), tambi\u00e9n obtuvo su licenciatura en Psicolog\u00eda por la misma universidad en 1979. Su dilatada carrera incluye experiencia en la pr\u00e1ctica privada y m\u00e1s de tres d\u00e9cadas en el sector p\u00fablico con el Departamento de Salud de la ciudad de Detroit, el Departamento de Salud del condado de Oakland y el centro penitenciario de Ionia. La Dra. Hines es conocida por su enfoque amable y su compromiso con la educaci\u00f3n de los pacientes. Se toma el tiempo necesario para escuchar, explicar las opciones de tratamiento y disipar cualquier inquietud, asegur\u00e1ndose de que los pacientes se sientan seguros e informados en cada paso del proceso. Su inter\u00e9s por las \u00faltimas tecnolog\u00edas dentales le permite ofrecer una atenci\u00f3n precisa, c\u00f3moda y personalizada. Es miembro de la Asociaci\u00f3n Dental Americana, la Sociedad Dental Wolverine, la Sociedad Dental del Distrito de Detroit, la Academia Pierre Fauchard y el Colegio Americano de Dentistas.<\/p>\n<h3>Por qu\u00e9 los pacientes conf\u00edan en el Dr. Hines<\/h3>\n<ul>\n<li class=\"bullet-arrow\">M\u00e1s de 40 a\u00f1os de experiencia en odontolog\u00eda.<\/li>\n<li class=\"bullet-arrow\">Atenci\u00f3n meticulosa y detallista, centrada en los resultados a largo plazo.<\/li>\n<li class=\"bullet-arrow\">Una reputaci\u00f3n de honestidad, compasi\u00f3n y profesionalismo.<\/li>\n<li class=\"bullet-arrow\">Generaciones de pacientes leales que le conf\u00edan las sonrisas de sus familias.<\/li>\n<\/ul>\n<p>La filosof\u00eda de la Dra. Hines es sencilla: tratar a cada paciente con respeto, ofrecer el m\u00e1s alto nivel de servicio al cliente y proporcionar resultados hermosos y duraderos. Su pasi\u00f3n es ayudar a las personas a conseguir sonrisas saludables y seguras que mejoren su calidad de vida.<\/p>\n<h3>M\u00e1s all\u00e1 de la odontolog\u00eda<\/h3>\n<p>La Dra. Hines y su esposo, Jeffrey, se casaron en 1979 y tienen dos hijos, Brandon y Christopher. Fuera de la oficina, le gusta cocinar, leer, viajar y mantenerse activa.<\/p>\n\t\t\n<style>\n#text-3002031895 {\n  color: rgb(0,0,0);\n}\n#text-3002031895 > * {\n  color: rgb(0,0,0);\n}\n<\/style>\n\t<\/div>\n\t\n\t<div id=\"gap-15010632\" class=\"gap-element clearfix\" style=\"display:block; height:auto;\">\n\t\t\n<style>\n#gap-15010632 {\n  padding-top: 20px;\n}\n<\/style>\n\t<\/div>\n\t\n\t\t<\/div>\n\t\t\t\t\n<style>\n#col-998236345 > .col-inner {\n  padding: 20px 20px 40px 20px;\n}\n@media (min-width:550px) {\n  #col-998236345 > .col-inner {\n    padding: 0px 40px 40px 40px;\n  }\n}\n<\/style>\n\t<\/div>\n\n\t\n<\/div>\n\t\t<\/div>\n\t\t\t\t\n<style>\n#col-883448796 > .col-inner {\n  margin: 10px 0px 10px 0px;\n}\n<\/style>\n\t<\/div>\n\n\t\n\n<style>\n#row-843375920 > .col > .col-inner {\n  background-color: rgb(255,255,255);\n}\n<\/style>\n<\/div>\n\t\t<\/div>\n\n\t\t\n<style>\n#section_1355672712 {\n  padding-top: 60px;\n  padding-bottom: 60px;\n}\n<\/style>\n\t<\/section>","protected":false},"excerpt":{"rendered":"","protected":false},"author":12,"featured_media":1086,"parent":13,"menu_order":0,"comment_status":"closed","ping_status":"closed","template":"","meta":{"rop_custom_images_group":[],"rop_custom_messages_group":[],"rop_publish_now":"initial","rop_publish_now_accounts":{"gmb_109265489736877664202_accounts\/109265489736877664202\/locations\/16295114870047390508":""},"rop_publish_now_history":[],"rop_publish_now_status":"pending","footnotes":""},"class_list":["post-1170","page","type-page","status-publish","has-post-thumbnail","hentry"],"yoast_head":"<!-- This site is optimized with the Yoast SEO plugin v27.4 - https:\/\/yoast.com\/product\/yoast-seo-wordpress\/ -->\n<title>Diane I. Hines, DDS | Dentist at Aesthetic Dental in Southfield, MI<\/title>\n<meta name=\"description\" content=\"Meet Diane I. Hines, DDS, a dedicated general, cosmetic, and implant dentist at Aesthetic Dental serving Southfield and Detroit, MI.\" \/>\n<meta name=\"robots\" content=\"index, follow, max-snippet:-1, max-image-preview:large, max-video-preview:-1\" \/>\n<link rel=\"canonical\" href=\"https:\/\/www.aestheticdental.com\/es\/quienes-somos\/diane-i-hines-doctora-en-odontologia\/\" \/>\n<meta property=\"og:locale\" content=\"es_MX\" \/>\n<meta property=\"og:type\" content=\"article\" \/>\n<meta property=\"og:title\" content=\"Diane I. Hines, DDS | Dentist at Aesthetic Dental in Southfield, MI\" \/>\n<meta property=\"og:description\" content=\"Meet Diane I. Hines, DDS, a dedicated general, cosmetic, and implant dentist at Aesthetic Dental serving Southfield and Detroit, MI.\" \/>\n<meta property=\"og:url\" content=\"https:\/\/www.aestheticdental.com\/es\/quienes-somos\/diane-i-hines-doctora-en-odontologia\/\" \/>\n<meta property=\"og:site_name\" content=\"Aesthetic Dental\" \/>\n<meta property=\"article:modified_time\" content=\"2025-09-30T11:22:08+00:00\" \/>\n<meta property=\"og:image\" content=\"https:\/\/www.aestheticdental.com\/wp-content\/uploads\/2025\/09\/How-Long-Has-Dr.-Hines-Been-a-Dentist-Dentist-in-Southfield-MI-e1759161608828.jpg\" \/>\n\t<meta property=\"og:image:width\" content=\"500\" \/>\n\t<meta property=\"og:image:height\" content=\"500\" \/>\n\t<meta property=\"og:image:type\" content=\"image\/jpeg\" \/>\n<meta name=\"twitter:card\" content=\"summary_large_image\" \/>\n<meta name=\"twitter:label1\" content=\"Est. reading time\" \/>\n\t<meta name=\"twitter:data1\" content=\"2 minutos\" \/>\n<script type=\"application\/ld+json\" class=\"yoast-schema-graph\">{\"@context\":\"https:\\\/\\\/schema.org\",\"@graph\":[{\"@type\":\"WebPage\",\"@id\":\"https:\\\/\\\/www.aestheticdental.com\\\/about-us\\\/diane-i-hines-dds\\\/\",\"url\":\"https:\\\/\\\/www.aestheticdental.com\\\/about-us\\\/diane-i-hines-dds\\\/\",\"name\":\"Diane I. Hines, DDS | Dentist at Aesthetic Dental in Southfield, MI\",\"isPartOf\":{\"@id\":\"https:\\\/\\\/www.aestheticdental.com\\\/#website\"},\"primaryImageOfPage\":{\"@id\":\"https:\\\/\\\/www.aestheticdental.com\\\/about-us\\\/diane-i-hines-dds\\\/#primaryimage\"},\"image\":{\"@id\":\"https:\\\/\\\/www.aestheticdental.com\\\/about-us\\\/diane-i-hines-dds\\\/#primaryimage\"},\"thumbnailUrl\":\"https:\\\/\\\/www.aestheticdental.com\\\/wp-content\\\/uploads\\\/2025\\\/09\\\/How-Long-Has-Dr.-Hines-Been-a-Dentist-Dentist-in-Southfield-MI-e1759161608828.jpg\",\"datePublished\":\"2025-09-30T11:14:17+00:00\",\"dateModified\":\"2025-09-30T11:22:08+00:00\",\"description\":\"Meet Diane I. Hines, DDS, a dedicated general, cosmetic, and implant dentist at Aesthetic Dental serving Southfield and Detroit, MI.\",\"breadcrumb\":{\"@id\":\"https:\\\/\\\/www.aestheticdental.com\\\/about-us\\\/diane-i-hines-dds\\\/#breadcrumb\"},\"inLanguage\":\"es\",\"potentialAction\":[{\"@type\":\"ReadAction\",\"target\":[\"https:\\\/\\\/www.aestheticdental.com\\\/about-us\\\/diane-i-hines-dds\\\/\"]}]},{\"@type\":\"ImageObject\",\"inLanguage\":\"es\",\"@id\":\"https:\\\/\\\/www.aestheticdental.com\\\/about-us\\\/diane-i-hines-dds\\\/#primaryimage\",\"url\":\"https:\\\/\\\/www.aestheticdental.com\\\/wp-content\\\/uploads\\\/2025\\\/09\\\/How-Long-Has-Dr.-Hines-Been-a-Dentist-Dentist-in-Southfield-MI-e1759161608828.jpg\",\"contentUrl\":\"https:\\\/\\\/www.aestheticdental.com\\\/wp-content\\\/uploads\\\/2025\\\/09\\\/How-Long-Has-Dr.-Hines-Been-a-Dentist-Dentist-in-Southfield-MI-e1759161608828.jpg\",\"width\":500,\"height\":500,\"caption\":\"How Long Has Dr. Hines Been a Dentist Dentist in Southfield, MI\"},{\"@type\":\"BreadcrumbList\",\"@id\":\"https:\\\/\\\/www.aestheticdental.com\\\/about-us\\\/diane-i-hines-dds\\\/#breadcrumb\",\"itemListElement\":[{\"@type\":\"ListItem\",\"position\":1,\"name\":\"Home\",\"item\":\"https:\\\/\\\/www.aestheticdental.com\\\/\"},{\"@type\":\"ListItem\",\"position\":2,\"name\":\"About Us\",\"item\":\"https:\\\/\\\/www.aestheticdental.com\\\/about-us\\\/\"},{\"@type\":\"ListItem\",\"position\":3,\"name\":\"Diane I. Hines, DDS\"}]},{\"@type\":\"WebSite\",\"@id\":\"https:\\\/\\\/www.aestheticdental.com\\\/#website\",\"url\":\"https:\\\/\\\/www.aestheticdental.com\\\/\",\"name\":\"Aesthetic Dental | General, Cosmetic & Implant Dentistry in Southfield, MI\",\"description\":\"General, Cosmetic &amp; Implant Dentistry in Southfield, MI\",\"publisher\":{\"@id\":\"https:\\\/\\\/www.aestheticdental.com\\\/#organization\"},\"potentialAction\":[{\"@type\":\"SearchAction\",\"target\":{\"@type\":\"EntryPoint\",\"urlTemplate\":\"https:\\\/\\\/www.aestheticdental.com\\\/?s={search_term_string}\"},\"query-input\":{\"@type\":\"PropertyValueSpecification\",\"valueRequired\":true,\"valueName\":\"search_term_string\"}}],\"inLanguage\":\"es\"},{\"@type\":\"Organization\",\"@id\":\"https:\\\/\\\/www.aestheticdental.com\\\/#organization\",\"name\":\"Aesthetic Dental | General, Cosmetic & Implant Dentistry in Southfield, MI\",\"url\":\"https:\\\/\\\/www.aestheticdental.com\\\/\",\"logo\":{\"@type\":\"ImageObject\",\"inLanguage\":\"es\",\"@id\":\"https:\\\/\\\/www.aestheticdental.com\\\/#\\\/schema\\\/logo\\\/image\\\/\",\"url\":\"https:\\\/\\\/www.aestheticdental.com\\\/wp-content\\\/uploads\\\/2025\\\/10\\\/Aesthetic-Dental-Square-Logo.jpg\",\"contentUrl\":\"https:\\\/\\\/www.aestheticdental.com\\\/wp-content\\\/uploads\\\/2025\\\/10\\\/Aesthetic-Dental-Square-Logo.jpg\",\"width\":1000,\"height\":1000,\"caption\":\"Aesthetic Dental | General, Cosmetic & Implant Dentistry in Southfield, MI\"},\"image\":{\"@id\":\"https:\\\/\\\/www.aestheticdental.com\\\/#\\\/schema\\\/logo\\\/image\\\/\"}}]}<\/script>\n<!-- \/ Yoast SEO plugin. -->","yoast_head_json":{"title":"Diane I. Hines, doctora en odontolog\u00eda | Dentista en Aesthetic Dental en Southfield, M\u00edchigan","description":"Conozca a Diane I. Hines, doctora en odontolog\u00eda, una dedicada dentista general, cosm\u00e9tica y especialista en implantes en Aesthetic Dental, que presta servicios en Southfield y Detroit, M\u00edchigan.","robots":{"index":"index","follow":"follow","max-snippet":"max-snippet:-1","max-image-preview":"max-image-preview:large","max-video-preview":"max-video-preview:-1"},"canonical":"https:\/\/www.aestheticdental.com\/es\/quienes-somos\/diane-i-hines-doctora-en-odontologia\/","og_locale":"es_MX","og_type":"article","og_title":"Diane I. Hines, DDS | Dentist at Aesthetic Dental in Southfield, MI","og_description":"Meet Diane I. Hines, DDS, a dedicated general, cosmetic, and implant dentist at Aesthetic Dental serving Southfield and Detroit, MI.","og_url":"https:\/\/www.aestheticdental.com\/es\/quienes-somos\/diane-i-hines-doctora-en-odontologia\/","og_site_name":"Aesthetic Dental","article_modified_time":"2025-09-30T11:22:08+00:00","og_image":[{"width":500,"height":500,"url":"https:\/\/www.aestheticdental.com\/wp-content\/uploads\/2025\/09\/How-Long-Has-Dr.-Hines-Been-a-Dentist-Dentist-in-Southfield-MI-e1759161608828.jpg","type":"image\/jpeg"}],"twitter_card":"summary_large_image","twitter_misc":{"Est. reading time":"2 minutos"},"schema":{"@context":"https:\/\/schema.org","@graph":[{"@type":"WebPage","@id":"https:\/\/www.aestheticdental.com\/about-us\/diane-i-hines-dds\/","url":"https:\/\/www.aestheticdental.com\/about-us\/diane-i-hines-dds\/","name":"Diane I. Hines, doctora en odontolog\u00eda | Dentista en Aesthetic Dental en Southfield, M\u00edchigan","isPartOf":{"@id":"https:\/\/www.aestheticdental.com\/#website"},"primaryImageOfPage":{"@id":"https:\/\/www.aestheticdental.com\/about-us\/diane-i-hines-dds\/#primaryimage"},"image":{"@id":"https:\/\/www.aestheticdental.com\/about-us\/diane-i-hines-dds\/#primaryimage"},"thumbnailUrl":"https:\/\/www.aestheticdental.com\/wp-content\/uploads\/2025\/09\/How-Long-Has-Dr.-Hines-Been-a-Dentist-Dentist-in-Southfield-MI-e1759161608828.jpg","datePublished":"2025-09-30T11:14:17+00:00","dateModified":"2025-09-30T11:22:08+00:00","description":"Conozca a Diane I. Hines, doctora en odontolog\u00eda, una dedicada dentista general, cosm\u00e9tica y especialista en implantes en Aesthetic Dental, que presta servicios en Southfield y Detroit, M\u00edchigan.","breadcrumb":{"@id":"https:\/\/www.aestheticdental.com\/about-us\/diane-i-hines-dds\/#breadcrumb"},"inLanguage":"es","potentialAction":[{"@type":"ReadAction","target":["https:\/\/www.aestheticdental.com\/about-us\/diane-i-hines-dds\/"]}]},{"@type":"ImageObject","inLanguage":"es","@id":"https:\/\/www.aestheticdental.com\/about-us\/diane-i-hines-dds\/#primaryimage","url":"https:\/\/www.aestheticdental.com\/wp-content\/uploads\/2025\/09\/How-Long-Has-Dr.-Hines-Been-a-Dentist-Dentist-in-Southfield-MI-e1759161608828.jpg","contentUrl":"https:\/\/www.aestheticdental.com\/wp-content\/uploads\/2025\/09\/How-Long-Has-Dr.-Hines-Been-a-Dentist-Dentist-in-Southfield-MI-e1759161608828.jpg","width":500,"height":500,"caption":"How Long Has Dr. Hines Been a Dentist Dentist in Southfield, MI"},{"@type":"BreadcrumbList","@id":"https:\/\/www.aestheticdental.com\/about-us\/diane-i-hines-dds\/#breadcrumb","itemListElement":[{"@type":"ListItem","position":1,"name":"Home","item":"https:\/\/www.aestheticdental.com\/"},{"@type":"ListItem","position":2,"name":"About Us","item":"https:\/\/www.aestheticdental.com\/about-us\/"},{"@type":"ListItem","position":3,"name":"Diane I. Hines, DDS"}]},{"@type":"WebSite","@id":"https:\/\/www.aestheticdental.com\/#website","url":"https:\/\/www.aestheticdental.com\/","name":"Odontolog\u00eda est\u00e9tica | Odontolog\u00eda general, cosm\u00e9tica e implantes dentales en Southfield, M\u00edchigan","description":"Odontolog\u00eda general, cosm\u00e9tica e implantes dentales en Southfield, M\u00edchigan","publisher":{"@id":"https:\/\/www.aestheticdental.com\/#organization"},"potentialAction":[{"@type":"SearchAction","target":{"@type":"EntryPoint","urlTemplate":"https:\/\/www.aestheticdental.com\/?s={search_term_string}"},"query-input":{"@type":"PropertyValueSpecification","valueRequired":true,"valueName":"search_term_string"}}],"inLanguage":"es"},{"@type":"Organization","@id":"https:\/\/www.aestheticdental.com\/#organization","name":"Odontolog\u00eda est\u00e9tica | Odontolog\u00eda general, cosm\u00e9tica e implantes dentales en Southfield, M\u00edchigan","url":"https:\/\/www.aestheticdental.com\/","logo":{"@type":"ImageObject","inLanguage":"es","@id":"https:\/\/www.aestheticdental.com\/#\/schema\/logo\/image\/","url":"https:\/\/www.aestheticdental.com\/wp-content\/uploads\/2025\/10\/Aesthetic-Dental-Square-Logo.jpg","contentUrl":"https:\/\/www.aestheticdental.com\/wp-content\/uploads\/2025\/10\/Aesthetic-Dental-Square-Logo.jpg","width":1000,"height":1000,"caption":"Aesthetic Dental | General, Cosmetic & Implant Dentistry in Southfield, MI"},"image":{"@id":"https:\/\/www.aestheticdental.com\/#\/schema\/logo\/image\/"}}]}},"_links":{"self":[{"href":"https:\/\/www.aestheticdental.com\/es\/wp-json\/wp\/v2\/pages\/1170","targetHints":{"allow":["GET"]}}],"collection":[{"href":"https:\/\/www.aestheticdental.com\/es\/wp-json\/wp\/v2\/pages"}],"about":[{"href":"https:\/\/www.aestheticdental.com\/es\/wp-json\/wp\/v2\/types\/page"}],"author":[{"embeddable":true,"href":"https:\/\/www.aestheticdental.com\/es\/wp-json\/wp\/v2\/users\/12"}],"replies":[{"embeddable":true,"href":"https:\/\/www.aestheticdental.com\/es\/wp-json\/wp\/v2\/comments?post=1170"}],"version-history":[{"count":0,"href":"https:\/\/www.aestheticdental.com\/es\/wp-json\/wp\/v2\/pages\/1170\/revisions"}],"up":[{"embeddable":true,"href":"https:\/\/www.aestheticdental.com\/es\/wp-json\/wp\/v2\/pages\/13"}],"wp:featuredmedia":[{"embeddable":true,"href":"https:\/\/www.aestheticdental.com\/es\/wp-json\/wp\/v2\/media\/1086"}],"wp:attachment":[{"href":"https:\/\/www.aestheticdental.com\/es\/wp-json\/wp\/v2\/media?parent=1170"}],"curies":[{"name":"wp","href":"https:\/\/api.w.org\/{rel}","templated":true}]}}